{"id":106342,"date":"2022-09-19T05:28:25","date_gmt":"2022-09-19T03:28:25","guid":{"rendered":"http:\/\/1mast.com\/?page_id=106342"},"modified":"2024-04-11T09:28:52","modified_gmt":"2024-04-11T07:28:52","slug":"one","status":"publish","type":"page","link":"https:\/\/1mast.com\/es\/one\/","title":{"rendered":"One"},"content":{"rendered":"<p>[et_pb_section fb_built=\u00bb1&#8243; disabled_on=\u00bboff|off|\u00bb admin_label=\u00bbSecci\u00f3n\u00bb _builder_version=\u00bb4.16&#8243; background_image=\u00bbhttp:\/\/1mast.com\/wp-content\/uploads\/2019\/03\/Foto-Comprar_full.png\u00bb custom_padding=\u00bb||32px|||\u00bb custom_css_main_element=\u00bboverflow: hidden;||background-position: 0% 100%;||padding-bottom: 180px;\u00bb global_colors_info=\u00bb{}\u00bb][et_pb_row use_custom_gutter=\u00bbon\u00bb gutter_width=\u00bb1&#8243; module_class=\u00bbdisplay-flex-center\u00bb _builder_version=\u00bb4.16&#8243; width=\u00bb75%\u00bb max_width=\u00bb75%\u00bb module_alignment=\u00bbcenter\u00bb custom_padding=\u00bb||150px|\u00bb custom_css_main_element=\u00bbz-index:9999999;\u00bb make_fullwidth=\u00bbon\u00bb use_custom_width=\u00bbon\u00bb width_unit=\u00bboff\u00bb custom_width_percent=\u00bb75%\u00bb global_colors_info=\u00bb{}\u00bb][et_pb_column type=\u00bb4_4&#8243; _builder_version=\u00bb4.16&#8243; custom_padding=\u00bb|||\u00bb global_colors_info=\u00bb{}\u00bb custom_padding__hover=\u00bb|||\u00bb][et_pb_text _builder_version=\u00bb4.17.6&#8243; text_font=\u00bbPT Sans||||||||\u00bb text_font_size=\u00bb23px\u00bb text_line_height=\u00bb1.8em\u00bb header_font=\u00bbPoppins|600|||||||\u00bb header_font_size=\u00bb55px\u00bb header_line_height=\u00bb1.3em\u00bb background_layout=\u00bbdark\u00bb custom_padding=\u00bb||50px|\u00bb animation_style=\u00bbslide\u00bb animation_direction=\u00bbleft\u00bb animation_intensity_slide=\u00bb10%\u00bb global_colors_info=\u00bb{}\u00bb]<\/p>\n<h1 style=\"text-align: center;\">ONE<\/h1>\n<p style=\"text-align: center; line-height: 30px; padding-top: 15px;\" class=\"responsive-p\">Vende al mejor precio, paga una comisi\u00f3n del 1 % cuando vendas y compres con 1MAST\n<\/p>\n<p>[\/et_pb_text][\/et_pb_column][\/et_pb_row][\/et_pb_section][et_pb_section fb_built=\u00bb1&#8243; admin_label=\u00bbOur Services\u00bb _builder_version=\u00bb4.16&#8243; max_width=\u00bb90%\u00bb module_alignment=\u00bbcenter\u00bb custom_padding=\u00bb20px|0px|0px|0px||\u00bb global_colors_info=\u00bb{}\u00bb][et_pb_row admin_label=\u00bbNew standard of payments\u00bb _builder_version=\u00bb4.16&#8243; global_colors_info=\u00bb{}\u00bb][et_pb_column type=\u00bb4_4&#8243; _builder_version=\u00bb4.16&#8243; custom_padding=\u00bb|||\u00bb global_colors_info=\u00bb{}\u00bb custom_padding__hover=\u00bb|||\u00bb][et_pb_text admin_label=\u00bbLa ventaja de trabajar con nosotros\u00bb _builder_version=\u00bb4.17.6&#8243; text_font=\u00bbPT Sans||||||||\u00bb text_font_size=\u00bb23px\u00bb text_line_height=\u00bb1.8em\u00bb header_font=\u00bbPoppins|600|||||||\u00bb header_font_size=\u00bb55px\u00bb header_line_height=\u00bb1.3em\u00bb custom_margin_last_edited=\u00bboff|desktop\u00bb animation_style=\u00bbslide\u00bb animation_intensity_slide=\u00bb10%\u00bb global_colors_info=\u00bb{}\u00bb]<\/p>\n<h2 class=\"onemast-h2\">Comprueba tu ahorro<\/h2>\n<h3 class=\"onemast-h3\">Compra con un agente 1MAST y le devolveremos parte de nuestra comisi\u00f3n.<br \/>\nVende con nosotros y paga s\u00f3lo un 1% de comisi\u00f3n, <b>Siempre con un Servicio Premium<\/b><\/h3>\n<p>[\/et_pb_text][et_pb_text module_class=\u00bbsustituto-text\u00bb _builder_version=\u00bb4.18.0&#8243; _module_preset=\u00bbdefault\u00bb text_font=\u00bbPT Sans||||||||\u00bb text_text_color=\u00bb#000000&#8243; text_font_size=\u00bb23px\u00bb custom_padding=\u00bb||21px|||\u00bb hover_enabled=\u00bb0&#8243; global_colors_info=\u00bb{}\u00bb sticky_enabled=\u00bb0&#8243;]\n\n<div class=\"row saving-calculator\" >\n\n    <div class=\"col-md-6 col-sm-6 col-xs-12\">\n\n        <span class=\"saving-value\" id=\"buyerSaving\" >0<\/span><span class=\"saving-value-symbol\" >\u20ac<\/span>\n        <p class=\"saving-label buyer\">Ahorro del <b> Comprador <\/b> en 1Mast<\/p>\n\n    <\/div>\n\n\n    <div class=\"col-md-6 col-sm-6 col-xs-12\">\n\n        <span class=\"saving-value\" id=\"sellerSaving\" >0<\/span><span class=\"saving-value-symbol\" >\u20ac<\/span>\n        <p class=\"saving-label seller\">Ahorro del <b> Vendedor <\/b> en 1Mast<\/p>\n\n    <\/div>\n\n\n    <div class=\"col-md-12 col-sm-12 col-xs-12\">\n\n        <div class=\"slidecontainer\">\n\n            <input type=\"number\" class=\"property-price-value\" value=\"0\" ><span class=\"property-price-value-simbol\" >\u20ac<\/span>\n            <input type=\"range\" min=\"100000\" max=\"2000000\" step=\"10000\" value=\"500\" class=\"slider\" id=\"propertyPrice\">\n            <p class=\"property-price-label\">Valor de la Propiedad<\/p>\n            <p class=\"property-price-policy\">El ahorro calculado es una estimaci\u00f3n, basada en una comisi\u00f3n del 5% que puede variar seg\u00fan el mercado. *Vende y paga una comisi\u00f3n del 1% solo si tambi\u00e9n compras con 1MAST dentro de los 365 d\u00edas posteriores a la fecha de venta de tu vivienda. Cobraremos una comisi\u00f3n del 1,5% y, al comprar con nosotros, te devolveremos el 0,5%. Comisi\u00f3n m\u00ednima de 5.700 \u20ac m\u00e1s IVA.<\/p>\n\t\t\t<p style=\"display:none;\">A minimum commission of \u20ac 980 is applied (Tax included). The refund is not guaranteed, in some operations you may not be eligible for the offer. <a href=\"https:\/\/1mast.com\/terms-and-conditions\/\"> See conditions.<\/a><\/p>\n\n        <\/div>\n\n    <\/div>\n\n<\/div><br \/>\n[\/et_pb_text][et_pb_code admin_label=\u00bbC\u00f3digo\u00bb _builder_version=\u00bb4.18.0&#8243; _module_preset=\u00bbdefault\u00bb hover_enabled=\u00bb0&#8243; global_colors_info=\u00bb{}\u00bb sticky_enabled=\u00bb0&#8243;]<script><!-- [et_pb_line_break_holder] -->  <!-- [et_pb_line_break_holder] -->   <!-- [et_pb_line_break_holder] -->jQuery(\".property-price-policy\").html(\"El ahorro calculado es una estimaci\u00f3n, est\u00e1 calculado sobre una comisi\u00f3n del 5% que puede variar seg\u00fan el mercado.<!\u2013- [et_pb_br_holder] -\u2013> Se aplica una comisi\u00f3n m\u00ednima de 4.500\u20ac (IVA no incluido). El reembolso no est\u00e1 garantizado, en algunas operaciones es posible que no pueda acogerse a la oferta.<a href='\"+jQuery(\".property-price-policy a\").attr(\"href\")+\"'>Consulte condiciones.<\/a>\")<!-- [et_pb_line_break_holder] -->  jQuery(\".property-price-policy\").css(\"font-size\", \"20px\")<!-- [et_pb_line_break_holder] -->  <!-- [et_pb_line_break_holder] --><\/script>[\/et_pb_code][et_pb_text admin_label=\u00bbLa ventaja de trabajar con nosotros\u00bb _builder_version=\u00bb4.17.6&#8243; text_font=\u00bbPT Sans||||||||\u00bb text_font_size=\u00bb23px\u00bb text_line_height=\u00bb1.8em\u00bb header_font=\u00bbPoppins|600|||||||\u00bb header_font_size=\u00bb55px\u00bb header_line_height=\u00bb1.3em\u00bb custom_margin_last_edited=\u00bboff|desktop\u00bb animation_style=\u00bbslide\u00bb animation_intensity_slide=\u00bb10%\u00bb global_colors_info=\u00bb{}\u00bb]<\/p>\n<p style=\"text-align: center;\">Vende con un agente 1MAST que te ayudar\u00e1 durante todo el proceso con el mejor servicio y ahorrar\u00e1s miles de euros<\/p>\n<p>[\/et_pb_text][\/et_pb_column][\/et_pb_row][\/et_pb_section][et_pb_section fb_built=\u00bb1&#8243; admin_label=\u00bbSecci\u00f3n\u00bb _builder_version=\u00bb4.16&#8243; background_color=\u00bb#fcfcfe\u00bb custom_padding=\u00bb0px||121.5px|||\u00bb global_colors_info=\u00bb{}\u00bb][et_pb_row _builder_version=\u00bb4.16&#8243; background_size=\u00bbinitial\u00bb background_position=\u00bbtop_left\u00bb background_repeat=\u00bbrepeat\u00bb global_colors_info=\u00bb{}\u00bb][et_pb_column type=\u00bb4_4&#8243; _builder_version=\u00bb4.16&#8243; custom_padding=\u00bb|||\u00bb global_colors_info=\u00bb{}\u00bb custom_padding__hover=\u00bb|||\u00bb admin_label=\u00bbColumna\u00bb][et_pb_text admin_label=\u00bbAs\u00ed trabajamos\u00bb _builder_version=\u00bb4.17.6&#8243; text_font=\u00bbPT Sans||||||||\u00bb text_font_size=\u00bb23px\u00bb text_line_height=\u00bb1.8em\u00bb header_font=\u00bbPoppins|600|||||||\u00bb header_font_size=\u00bb55px\u00bb header_line_height=\u00bb1.3em\u00bb custom_margin=\u00bb-22px||-23px|||\u00bb custom_margin_last_edited=\u00bboff|desktop\u00bb custom_padding=\u00bb0px||21px|||\u00bb animation_style=\u00bbslide\u00bb animation_intensity_slide=\u00bb10%\u00bb global_colors_info=\u00bb{}\u00bb]<\/p>\n<h2 id=\"asi-trabajamos\" class=\"onemast-h2\">Compara una Agencia tradicional con 1MAST<\/h2>\n<p>[\/et_pb_text][\/et_pb_column][\/et_pb_row][et_pb_row _builder_version=\u00bb4.17.6&#8243; _module_preset=\u00bbdefault\u00bb custom_margin=\u00bb|auto|-9px|auto||\u00bb custom_padding=\u00bb||0px|||\u00bb global_colors_info=\u00bb{}\u00bb][et_pb_column type=\u00bb4_4&#8243; _builder_version=\u00bb4.17.6&#8243; _module_preset=\u00bbdefault\u00bb global_colors_info=\u00bb{}\u00bb][et_pb_text _builder_version=\u00bb4.17.6&#8243; _module_preset=\u00bbdefault\u00bb global_colors_info=\u00bb{}\u00bb]<\/p>\n<table border=\"1\" style=\"border-collapse: collapse; width: 100%;\">\n<tbody>\n<tr>\n<td style=\"width: 33.3333%;\"><\/td>\n<td style=\"width: 33.3333%;\">1Mast<\/td>\n<td style=\"width: 33.3333%;\">Agencia tradicional<\/td>\n<\/tr>\n<tr>\n<td style=\"width: 33.3333%;\">Comisi\u00f3n<\/td>\n<td style=\"width: 33.3333%;\">1%*<\/td>\n<td style=\"width: 33.3333%;\">5%<\/td>\n<\/tr>\n<tr>\n<td style=\"width: 33.3333%;\">Agente profesional<\/td>\n<td style=\"width: 33.3333%;\"><span class=\"et-pb-icon fix-icon\" style=\"font-size: 16px; color: #5f37f3;\">N<\/span><\/td>\n<td style=\"width: 33.3333%;\"><span class=\"et-pb-icon fix-icon\" style=\"font-size: 16px; color: #5f37f3;\">N<\/span><\/td>\n<\/tr>\n<tr>\n<td style=\"width: 33.3333%;\">Publicaci\u00f3n premium<\/td>\n<td style=\"width: 33.3333%;\"><span class=\"et-pb-icon fix-icon\" style=\"font-size: 16px; color: #5f37f3;\">N<\/span><\/td>\n<td style=\"width: 33.3333%;\">x<\/td>\n<\/tr>\n<tr>\n<td style=\"width: 33.3333%;\">Fotos profesionales<\/td>\n<td style=\"width: 33.3333%;\"><span class=\"et-pb-icon fix-icon\" style=\"font-size: 16px; color: #5f37f3;\">N<\/span><\/td>\n<td style=\"width: 33.3333%;\">x<\/td>\n<\/tr>\n<tr>\n<td style=\"width: 33.3333%;\">Tour Virtual gratuito<\/td>\n<td style=\"width: 33.3333%;\"><span class=\"et-pb-icon fix-icon\" style=\"font-size: 16px; color: #5f37f3;\">N<\/span><\/td>\n<td style=\"width: 33.3333%;\">x<\/td>\n<\/tr>\n<\/tbody>\n<\/table>\n<p>[\/et_pb_text][\/et_pb_column][\/et_pb_row][et_pb_row _builder_version=\u00bb4.17.6&#8243; _module_preset=\u00bbdefault\u00bb global_colors_info=\u00bb{}\u00bb][et_pb_column type=\u00bb4_4&#8243; _builder_version=\u00bb4.17.6&#8243; _module_preset=\u00bbdefault\u00bb global_colors_info=\u00bb{}\u00bb][et_pb_text _builder_version=\u00bb4.17.6&#8243; _module_preset=\u00bbdefault\u00bb text_font_size=\u00bb13px\u00bb global_colors_info=\u00bb{}\u00bb]*Vende y paga una comisi\u00f3n del 1% s\u00f3lo si tambi\u00e9n compras con 1MAST antes de los 365 d\u00edas siguientes a la fecha de venta de tu casa, Cobraremos una comisi\u00f3n de un 1.5% y despu\u00e9s cuando compre con nosotros le devolveremos el 0.5%. Comisi\u00f3n m\u00ednima de 4.500\u20ac m\u00e1s IVA,  [\/et_pb_text][\/et_pb_column][\/et_pb_row][\/et_pb_section]<\/p>\n","protected":false},"excerpt":{"rendered":"<p>ONE Vende al mejor precio, paga una comisi\u00f3n del 1 % cuando vendas y compres con 1MAST Comprueba tu ahorro Compra con un agente 1MAST y le devolveremos parte de nuestra comisi\u00f3n. Vende con nosotros y paga s\u00f3lo un 1% de comisi\u00f3n, Siempre con un Servicio Premium \n\n<div class=\"row saving-calculator\" >\n\n    <div class=\"col-md-6 col-sm-6 col-xs-12\">\n\n        <span class=\"saving-value\" id=\"buyerSaving\" >0<\/span><span class=\"saving-value-symbol\" >\u20ac<\/span>\n        <p class=\"saving-label buyer\">Ahorro del <b> Comprador <\/b> en 1Mast<\/p>\n\n    <\/div>\n\n\n    <div class=\"col-md-6 col-sm-6 col-xs-12\">\n\n        <span class=\"saving-value\" id=\"sellerSaving\" >0<\/span><span class=\"saving-value-symbol\" >\u20ac<\/span>\n        <p class=\"saving-label seller\">Ahorro del <b> Vendedor <\/b> en 1Mast<\/p>\n\n    <\/div>\n\n\n    <div class=\"col-md-12 col-sm-12 col-xs-12\">\n\n        <div class=\"slidecontainer\">\n\n            <input type=\"number\" class=\"property-price-value\" value=\"0\" ><span class=\"property-price-value-simbol\" >\u20ac<\/span>\n            <input type=\"range\" min=\"100000\" max=\"2000000\" step=\"10000\" value=\"500\" class=\"slider\" id=\"propertyPrice\">\n            <p class=\"property-price-label\">Valor de la Propiedad<\/p>\n            <p class=\"property-price-policy\">El ahorro calculado es una estimaci\u00f3n, basada en una comisi\u00f3n del 5% que puede variar seg\u00fan el mercado. *Vende y paga una comisi\u00f3n del 1% solo si tambi\u00e9n compras con 1MAST dentro de los 365 d\u00edas posteriores a la fecha de venta de tu vivienda. Cobraremos una comisi\u00f3n del 1,5% y, al comprar con nosotros, te devolveremos el 0,5%. Comisi\u00f3n m\u00ednima de 5.700 \u20ac m\u00e1s IVA.<\/p>\n\t\t\t<p style=\"display:none;\">A minimum commission of \u20ac 980 is applied (Tax included). The refund is not guaranteed, in some operations you may not be eligible for the offer. <a href=\"https:\/\/1mast.com\/terms-and-conditions\/\"> See conditions.<\/a><\/p>\n\n        <\/div>\n\n    <\/div>\n\n<\/div> Vende con un agente 1MAST que te [&hellip;]<\/p>\n","protected":false},"author":1,"featured_media":0,"parent":0,"menu_order":0,"comment_status":"closed","ping_status":"closed","template":"","meta":{"_et_pb_use_builder":"on","_et_pb_old_content":"","_et_gb_content_width":"","footnotes":""},"class_list":["post-106342","page","type-page","status-publish","hentry"],"_links":{"self":[{"href":"https:\/\/1mast.com\/es\/wp-json\/wp\/v2\/pages\/106342","targetHints":{"allow":["GET"]}}],"collection":[{"href":"https:\/\/1mast.com\/es\/wp-json\/wp\/v2\/pages"}],"about":[{"href":"https:\/\/1mast.com\/es\/wp-json\/wp\/v2\/types\/page"}],"author":[{"embeddable":true,"href":"https:\/\/1mast.com\/es\/wp-json\/wp\/v2\/users\/1"}],"replies":[{"embeddable":true,"href":"https:\/\/1mast.com\/es\/wp-json\/wp\/v2\/comments?post=106342"}],"version-history":[{"count":5,"href":"https:\/\/1mast.com\/es\/wp-json\/wp\/v2\/pages\/106342\/revisions"}],"predecessor-version":[{"id":106775,"href":"https:\/\/1mast.com\/es\/wp-json\/wp\/v2\/pages\/106342\/revisions\/106775"}],"wp:attachment":[{"href":"https:\/\/1mast.com\/es\/wp-json\/wp\/v2\/media?parent=106342"}],"curies":[{"name":"wp","href":"https:\/\/api.w.org\/{rel}","templated":true}]}}