{"id":106357,"date":"2022-09-19T05:56:10","date_gmt":"2022-09-19T03:56:10","guid":{"rendered":"http:\/\/1mast.com\/?page_id=106357"},"modified":"2024-08-07T18:21:11","modified_gmt":"2024-08-07T16:21:11","slug":"quienes-somos","status":"publish","type":"page","link":"https:\/\/1mast.com\/es\/quienes-somos\/","title":{"rendered":"Agentes inmobiliarios en Fuengirola"},"content":{"rendered":"<p>[et_pb_section fb_built=\u00bb1&#8243; disabled_on=\u00bboff|off|\u00bb _builder_version=\u00bb4.16&#8243; background_image=\u00bbhttp:\/\/1mast.com\/wp-content\/uploads\/2019\/03\/Foto-Comprar_full.png\u00bb custom_css_main_element=\u00bboverflow: hidden;||background-position: 0% 100%;||padding-bottom: 180px;\u00bb global_colors_info=\u00bb{}\u00bb custom_padding=\u00bb||3px|||\u00bb][et_pb_row use_custom_gutter=\u00bbon\u00bb gutter_width=\u00bb1&#8243; module_class=\u00bbdisplay-flex-center\u00bb _builder_version=\u00bb4.16&#8243; width=\u00bb75%\u00bb max_width=\u00bb75%\u00bb module_alignment=\u00bbcenter\u00bb custom_padding=\u00bb||150px|\u00bb custom_css_main_element=\u00bbz-index:9999999;\u00bb make_fullwidth=\u00bbon\u00bb use_custom_width=\u00bbon\u00bb width_unit=\u00bboff\u00bb custom_width_percent=\u00bb75%\u00bb global_colors_info=\u00bb{}\u00bb][et_pb_column type=\u00bb4_4&#8243; _builder_version=\u00bb4.16&#8243; custom_padding=\u00bb|||\u00bb global_colors_info=\u00bb{}\u00bb custom_padding__hover=\u00bb|||\u00bb][et_pb_text _builder_version=\u00bb4.17.6&#8243; text_font=\u00bbPT Sans||||||||\u00bb text_font_size=\u00bb23px\u00bb text_line_height=\u00bb1.8em\u00bb header_font=\u00bbPoppins|600|||||||\u00bb header_font_size=\u00bb55px\u00bb header_line_height=\u00bb1.3em\u00bb background_layout=\u00bbdark\u00bb custom_padding=\u00bb||50px|\u00bb animation_style=\u00bbslide\u00bb animation_direction=\u00bbleft\u00bb animation_intensity_slide=\u00bb10%\u00bb hover_enabled=\u00bb0&#8243; global_colors_info=\u00bb{}\u00bb sticky_enabled=\u00bb0&#8243;]<\/p>\n<h1 style=\"text-align: center;\">Quienes somos<\/h1>\n<p style=\"text-align: center; line-height: 30px; padding-top: 15px;\" class=\"responsive-p\"><strong>Desde 2001 ayud\u00e1ndote a vender o comprar tu vivienda.<\/strong><\/p>\n<p>[\/et_pb_text][\/et_pb_column][\/et_pb_row][\/et_pb_section][et_pb_section fb_built=\u00bb1&#8243; admin_label=\u00bbOur Services\u00bb _builder_version=\u00bb4.16&#8243; max_width=\u00bb90%\u00bb module_alignment=\u00bbcenter\u00bb custom_padding=\u00bb20px|0px|0px|0px||\u00bb global_colors_info=\u00bb{}\u00bb][et_pb_row admin_label=\u00bbNew standard of payments\u00bb _builder_version=\u00bb4.16&#8243; global_colors_info=\u00bb{}\u00bb][et_pb_column type=\u00bb4_4&#8243; _builder_version=\u00bb4.16&#8243; custom_padding=\u00bb|||\u00bb global_colors_info=\u00bb{}\u00bb custom_padding__hover=\u00bb|||\u00bb][et_pb_text _builder_version=\u00bb4.17.6&#8243; _module_preset=\u00bbdefault\u00bb text_font=\u00bbPT Sans||||||||\u00bb text_text_color=\u00bb#000000&#8243; text_font_size=\u00bb23px\u00bb custom_padding=\u00bb||21px|||\u00bb hover_enabled=\u00bb0&#8243; global_colors_info=\u00bb{}\u00bb sticky_enabled=\u00bb0&#8243;]<\/p>\n<p style=\"line-height: 30px; padding-top: 15px; text-align: center;\" class=\"responsive-p\">Comenzamos en el a\u00f1o 2001 como una empresa familiar, <strong>Inmobiliaria Marenostrum<\/strong>, que<br \/>emprendi\u00f3 e innov\u00f3 dentro del sector introduciendo en la Costa del Sol el sistema<br \/>internacional de compartici\u00f3n de propiedades MLS, fundando la primera Asociaci\u00f3n<br \/>Inmobiliaria de MLS M\u00e1laga y posteriormente en Fuengirola la MLS AVANZA.<\/p>\n<p>[\/et_pb_text][\/et_pb_column][\/et_pb_row][\/et_pb_section][et_pb_section fb_built=\u00bb1&#8243; _builder_version=\u00bb4.16&#8243; background_color=\u00bb#fcfcfe\u00bb custom_padding=\u00bb0px||43.5px|||\u00bb global_colors_info=\u00bb{}\u00bb][et_pb_row _builder_version=\u00bb4.16&#8243; background_size=\u00bbinitial\u00bb background_position=\u00bbtop_left\u00bb background_repeat=\u00bbrepeat\u00bb global_colors_info=\u00bb{}\u00bb][et_pb_column type=\u00bb4_4&#8243; _builder_version=\u00bb4.16&#8243; custom_padding=\u00bb|||\u00bb global_colors_info=\u00bb{}\u00bb custom_padding__hover=\u00bb|||\u00bb][et_pb_text admin_label=\u00bbAs\u00ed trabajamos\u00bb _builder_version=\u00bb4.17.6&#8243; text_font=\u00bbPT Sans||||||||\u00bb text_font_size=\u00bb23px\u00bb text_line_height=\u00bb1.8em\u00bb header_font=\u00bbPoppins|600|||||||\u00bb header_font_size=\u00bb55px\u00bb header_line_height=\u00bb1.3em\u00bb custom_margin=\u00bb-22px||-23px|||\u00bb custom_margin_last_edited=\u00bboff|desktop\u00bb custom_padding=\u00bb25px||33px|||\u00bb animation_style=\u00bbslide\u00bb animation_intensity_slide=\u00bb10%\u00bb hover_enabled=\u00bb0&#8243; global_colors_info=\u00bb{}\u00bb sticky_enabled=\u00bb0&#8243;]<\/p>\n<h2 id=\"asi-trabajamos\" class=\"onemast-h2\">Miembros de realtor y certificado crs<\/h2>\n<p>[\/et_pb_text][\/et_pb_column][\/et_pb_row][et_pb_row column_structure=\u00bb1_2,1_2&#8243; _builder_version=\u00bb4.16&#8243; background_size=\u00bbinitial\u00bb background_position=\u00bbtop_left\u00bb background_repeat=\u00bbrepeat\u00bb custom_padding=\u00bb9px|||||\u00bb global_colors_info=\u00bb{}\u00bb][et_pb_column type=\u00bb1_2&#8243; _builder_version=\u00bb4.16&#8243; custom_padding=\u00bb|||\u00bb global_colors_info=\u00bb{}\u00bb custom_padding__hover=\u00bb|||\u00bb][et_pb_image src=\u00bbhttp:\/\/1mast.com\/wp-content\/uploads\/2019\/03\/Comprar-en-1MAST.jpg\u00bb alt=\u00bbTasar una vivienda, Pisos en venta, Venta de casa\u00bb title_text=\u00bbComprar en 1MAST\u00bb _builder_version=\u00bb4.17.6&#8243; _module_preset=\u00bbdefault\u00bb hover_enabled=\u00bb0&#8243; global_colors_info=\u00bb{}\u00bb custom_margin=\u00bb||2px|||\u00bb custom_padding=\u00bb||0px|||\u00bb sticky_enabled=\u00bb0&#8243;][\/et_pb_image][\/et_pb_column][et_pb_column type=\u00bb1_2&#8243; _builder_version=\u00bb4.16&#8243; custom_padding=\u00bb|||\u00bb global_colors_info=\u00bb{}\u00bb custom_padding__hover=\u00bb|||\u00bb][et_pb_text _builder_version=\u00bb4.17.6&#8243; _module_preset=\u00bbdefault\u00bb text_line_height=\u00bb1.8em\u00bb hover_enabled=\u00bb0&#8243; global_colors_info=\u00bb{}\u00bb sticky_enabled=\u00bb0&#8243; min_height=\u00bb251px\u00bb custom_padding=\u00bb0px|||||\u00bb custom_margin=\u00bb-3px|||||\u00bb]<\/p>\n<p style=\"font-size: 17px; text-align: justify;\"><strong>El sello REALTOR<\/strong> nos certifica como agentes inmobiliarios adheridos a un <strong>C\u00f3digo \u00c9tico <\/strong>Internacional estricto, que protege tanto a clientes como al p\u00fablico y a otros agentes inmobiliarios colaboradores.<\/p>\n<p style=\"font-size: 17px; text-align: justify;\">Los <strong>AGENTES CRS<\/strong> nos obligamos a cumplir los m\u00e1s exigentes est\u00e1ndares de calidad y honestidad profesional. <strong>La designaci\u00f3n CRS como especialista en mercado residencial,<\/strong><br \/><strong>supone una garant\u00eda de excelencia para nuestros clientes.<\/strong><\/p>\n<p style=\"font-size: 17px; text-align: justify;\">Nos puedes encontrar en Fuengirola, Avenida de los Boliches 18, donde tenemos nuestra sede comercial y agentes especializados que le podr\u00e1n atender en cualquier lugar en la Costa del Sol.<\/p>\n<p>[\/et_pb_text][\/et_pb_column][\/et_pb_row][et_pb_row _builder_version=\u00bb4.17.6&#8243; _module_preset=\u00bbdefault\u00bb][et_pb_column _builder_version=\u00bb4.17.6&#8243; _module_preset=\u00bbdefault\u00bb type=\u00bb4_4&#8243;][et_pb_text _builder_version=\u00bb4.17.6&#8243; _module_preset=\u00bbdefault\u00bb hover_enabled=\u00bb0&#8243; sticky_enabled=\u00bb0&#8243; custom_margin=\u00bb-24px|||||\u00bb]<\/p>\n<p style=\"font-size: 17px; text-align: justify;\">1MAST Inmobiliaria ha evolucionado hacia la aplicaci\u00f3n de la tecnolog\u00eda en todos sus procesos, actualmente una <strong>Agencia Hibrida<\/strong>, un modelo de inmobiliaria Online con una l\u00ednea de atenci\u00f3n al cliente por medio de <strong>agentes profesionales conocedores del mercado en su zona.<\/strong><\/p>\n<p>[\/et_pb_text][\/et_pb_column][\/et_pb_row][et_pb_row _builder_version=\u00bb4.16&#8243; background_size=\u00bbinitial\u00bb background_position=\u00bbtop_left\u00bb background_repeat=\u00bbrepeat\u00bb global_colors_info=\u00bb{}\u00bb][et_pb_column type=\u00bb4_4&#8243; _builder_version=\u00bb4.16&#8243; custom_padding=\u00bb|||\u00bb global_colors_info=\u00bb{}\u00bb custom_padding__hover=\u00bb|||\u00bb][et_pb_text admin_label=\u00bbAs\u00ed trabajamos\u00bb _builder_version=\u00bb4.17.6&#8243; text_font=\u00bbPT Sans||||||||\u00bb text_font_size=\u00bb23px\u00bb text_line_height=\u00bb1.8em\u00bb header_font=\u00bbPoppins|600|||||||\u00bb header_font_size=\u00bb55px\u00bb header_line_height=\u00bb1.3em\u00bb custom_margin=\u00bb-22px||-23px|||\u00bb custom_margin_last_edited=\u00bboff|desktop\u00bb custom_padding=\u00bb0px||33px|||\u00bb animation_style=\u00bbslide\u00bb animation_intensity_slide=\u00bb10%\u00bb hover_enabled=\u00bb0&#8243; global_colors_info=\u00bb{}\u00bb sticky_enabled=\u00bb0&#8243;]<\/p>\n<h2 id=\"asi-trabajamos\" class=\"onemast-h2\">Nuestros valores<\/h2>\n<p>[\/et_pb_text][et_pb_text _builder_version=\u00bb4.17.6&#8243; _module_preset=\u00bbdefault\u00bb hover_enabled=\u00bb0&#8243; sticky_enabled=\u00bb0&#8243; custom_margin=\u00bb32px|||||\u00bb]<\/p>\n<ul>\n<li style=\"font-size: 17px; text-align: justify;\"><strong>IMAGEN<\/strong>, una buena imagen: fotograf\u00edas profesionales, V\u00eddeo 3d, crean confianza y facilitan la venta o alquiler de su vivienda.<\/li>\n<li style=\"font-size: 17px; text-align: justify;\"><strong>TRANSPARENCIA<\/strong>, ponemos a tu disposici\u00f3n toda la informaci\u00f3n sobre nuestros procesos, contratos y tarifas.<\/li>\n<li style=\"font-size: 17px; text-align: justify;\"><strong>DIVERSIDAD<\/strong>, entendemos que la empresa ha de ser un reflejo de la sociedad, la diversidad de experiencias nos hace mejores<\/li>\n<li style=\"font-size: 17px; text-align: justify;\"><strong>COLABORACI\u00d3N<\/strong>, juntos conseguimos mejores resultados.<\/li>\n<li style=\"font-size: 17px; text-align: justify;\"><strong>SOSTENIBILIDAD<\/strong>, la tierra es nuestro hogar, deber\u00edamos cuidarlo.<\/li>\n<li style=\"font-size: 17px; text-align: justify;\"><strong>CONFIANZA<\/strong>. Nuestros clientes, lo primero, su confianza, lo m\u00e1s importante.<\/li>\n<\/ul>\n<p>[\/et_pb_text][et_pb_text admin_label=\u00bbAs\u00ed trabajamos\u00bb _builder_version=\u00bb4.17.6&#8243; text_font=\u00bbPT Sans||||||||\u00bb text_font_size=\u00bb23px\u00bb text_line_height=\u00bb1.8em\u00bb header_font=\u00bbPoppins|600|||||||\u00bb header_font_size=\u00bb55px\u00bb header_line_height=\u00bb1.3em\u00bb custom_margin=\u00bb-22px||-23px|||\u00bb custom_margin_last_edited=\u00bboff|desktop\u00bb custom_padding=\u00bb0px||33px|||\u00bb animation_style=\u00bbslide\u00bb animation_intensity_slide=\u00bb10%\u00bb hover_enabled=\u00bb0&#8243; global_colors_info=\u00bb{}\u00bb sticky_enabled=\u00bb0&#8243;]<\/p>\n<h2 id=\"asi-trabajamos\" class=\"onemast-h2\">Nuestros agentes<\/h2>\n<p>[\/et_pb_text][et_pb_text _builder_version=\u00bb4.17.6&#8243; _module_preset=\u00bbdefault\u00bb text_font_size=\u00bb17px\u00bb hover_enabled=\u00bb0&#8243; sticky_enabled=\u00bb0&#8243;]<\/p>\n<p style=\"text-align: center;\">Contamos con un equipo de agentes inmobiliarios profesionales que pueden ayudarle a vender y comprar su casa.<\/p>\n<p>[\/et_pb_text][\/et_pb_column][\/et_pb_row][et_pb_row _builder_version=\u00bb4.17.6&#8243; _module_preset=\u00bbdefault\u00bb][et_pb_column _builder_version=\u00bb4.17.6&#8243; _module_preset=\u00bbdefault\u00bb type=\u00bb4_4&#8243;][et_pb_shop _builder_version=\u00bb4.17.6&#8243; _module_preset=\u00bbdefault\u00bb columns_number=\u00bb5&#8243; hover_enabled=\u00bb0&#8243; sticky_enabled=\u00bb0&#8243;][\/et_pb_shop][\/et_pb_column][\/et_pb_row][\/et_pb_section][et_pb_section fb_built=\u00bb1&#8243; _builder_version=\u00bb4.16&#8243; background_color=\u00bb#fcfcfe\u00bb custom_padding=\u00bb0px||121.5px|||\u00bb global_colors_info=\u00bb{}\u00bb][\/et_pb_section]<\/p>\n","protected":false},"excerpt":{"rendered":"<p>Quienes somos Desde 2001 ayud\u00e1ndote a vender o comprar tu vivienda.Comenzamos en el a\u00f1o 2001 como una empresa familiar, Inmobiliaria Marenostrum, queemprendi\u00f3 e innov\u00f3 dentro del sector introduciendo en la Costa del Sol el sistemainternacional de compartici\u00f3n de propiedades MLS, fundando la primera Asociaci\u00f3nInmobiliaria de MLS M\u00e1laga y posteriormente en Fuengirola la MLS AVANZA.Miembros de [&hellip;]<\/p>\n","protected":false},"author":1,"featured_media":0,"parent":0,"menu_order":0,"comment_status":"closed","ping_status":"closed","template":"","meta":{"_et_pb_use_builder":"on","_et_pb_old_content":"","_et_gb_content_width":"","footnotes":""},"class_list":["post-106357","page","type-page","status-publish","hentry"],"_links":{"self":[{"href":"https:\/\/1mast.com\/es\/wp-json\/wp\/v2\/pages\/106357","targetHints":{"allow":["GET"]}}],"collection":[{"href":"https:\/\/1mast.com\/es\/wp-json\/wp\/v2\/pages"}],"about":[{"href":"https:\/\/1mast.com\/es\/wp-json\/wp\/v2\/types\/page"}],"author":[{"embeddable":true,"href":"https:\/\/1mast.com\/es\/wp-json\/wp\/v2\/users\/1"}],"replies":[{"embeddable":true,"href":"https:\/\/1mast.com\/es\/wp-json\/wp\/v2\/comments?post=106357"}],"version-history":[{"count":2,"href":"https:\/\/1mast.com\/es\/wp-json\/wp\/v2\/pages\/106357\/revisions"}],"predecessor-version":[{"id":158689,"href":"https:\/\/1mast.com\/es\/wp-json\/wp\/v2\/pages\/106357\/revisions\/158689"}],"wp:attachment":[{"href":"https:\/\/1mast.com\/es\/wp-json\/wp\/v2\/media?parent=106357"}],"curies":[{"name":"wp","href":"https:\/\/api.w.org\/{rel}","templated":true}]}}