{"id":107294,"date":"2022-09-27T01:07:18","date_gmt":"2022-09-26T23:07:18","guid":{"rendered":"http:\/\/1mast.com\/?page_id=107294"},"modified":"2022-10-11T11:06:01","modified_gmt":"2022-10-11T09:06:01","slug":"inmobiliaria-benalmadena","status":"publish","type":"page","link":"https:\/\/1mast.com\/es\/inmobiliaria-benalmadena\/","title":{"rendered":"Inmobiliaria en Benalm\u00e1dena"},"content":{"rendered":"<p>[et_pb_section fb_built=\u00bb1&#8243; disabled_on=\u00bboff|off|\u00bb _builder_version=\u00bb4.16&#8243; background_image=\u00bbhttp:\/\/1mast.com\/wp-content\/uploads\/2019\/03\/Foto-Comprar_full.png\u00bb custom_padding=\u00bb||217px|||\u00bb custom_css_main_element=\u00bboverflow: hidden;||background-position: 0% 100%;||padding-bottom: 180px;\u00bb global_colors_info=\u00bb{}\u00bb][et_pb_row use_custom_gutter=\u00bbon\u00bb gutter_width=\u00bb1&#8243; module_class=\u00bbdisplay-flex-center\u00bb _builder_version=\u00bb4.16&#8243; width=\u00bb75%\u00bb max_width=\u00bb75%\u00bb module_alignment=\u00bbcenter\u00bb custom_padding=\u00bb||0px|||\u00bb custom_css_main_element=\u00bbz-index:9999999;\u00bb make_fullwidth=\u00bbon\u00bb use_custom_width=\u00bbon\u00bb width_unit=\u00bboff\u00bb custom_width_percent=\u00bb75%\u00bb global_colors_info=\u00bb{}\u00bb][et_pb_column type=\u00bb4_4&#8243; _builder_version=\u00bb4.16&#8243; custom_padding=\u00bb|||\u00bb global_colors_info=\u00bb{}\u00bb custom_padding__hover=\u00bb|||\u00bb][et_pb_text _builder_version=\u00bb4.18.0&#8243; text_font=\u00bbPT Sans||||||||\u00bb text_font_size=\u00bb23px\u00bb text_line_height=\u00bb1.8em\u00bb header_font=\u00bbPoppins|600|||||||\u00bb header_font_size=\u00bb55px\u00bb header_line_height=\u00bb1.3em\u00bb background_layout=\u00bbdark\u00bb custom_padding=\u00bb||50px|\u00bb animation_style=\u00bbslide\u00bb animation_direction=\u00bbleft\u00bb animation_intensity_slide=\u00bb10%\u00bb global_colors_info=\u00bb{}\u00bb]<\/p>\n<h1 style=\"text-align: center;\">Inmobiliaria en Benalm\u00e1dena<\/h1>\n<p>[\/et_pb_text][et_pb_text _builder_version=\u00bb4.18.0&#8243; _module_preset=\u00bbdefault\u00bb text_font=\u00bbPT Sans||||||||\u00bb text_text_color=\u00bb#FFFFFF\u00bb text_font_size=\u00bb23px\u00bb custom_padding=\u00bb||21px|||\u00bb global_colors_info=\u00bb{}\u00bb]<\/p>\n<p style=\"text-align: center; line-height: 30px; padding-top: 15px;\" class=\"responsive-p\">Si est\u00e1s buscando <strong>inmobiliaria en Benalm\u00e1dena<\/strong>, 1MAST es la opci\u00f3n inteligente para ti y tu bolsillo. Ahorra en cada venta o compra.<\/p>\n<p style=\"text-align: center; line-height: 30px; padding-top: 15px;\" class=\"responsive-p\">Una media de <strong>10.000 \u20ac de ahorro<\/strong> entre nuestros clientes y tan solo un <strong>1% de comisi\u00f3n<\/strong> si compras y vendes gracias a 1MAST<\/p>\n<p>[\/et_pb_text][\/et_pb_column][\/et_pb_row][\/et_pb_section][et_pb_section fb_built=\u00bb1&#8243; admin_label=\u00bbOur Services\u00bb _builder_version=\u00bb4.16&#8243; max_width=\u00bb90%\u00bb module_alignment=\u00bbcenter\u00bb custom_padding=\u00bb20px|0px|0px|0px||\u00bb global_colors_info=\u00bb{}\u00bb][et_pb_row admin_label=\u00bbNew standard of payments\u00bb _builder_version=\u00bb4.18.0&#8243; max_width=\u00bb1182px\u00bb global_colors_info=\u00bb{}\u00bb][et_pb_column type=\u00bb4_4&#8243; _builder_version=\u00bb4.16&#8243; custom_padding=\u00bb|||\u00bb global_colors_info=\u00bb{}\u00bb custom_padding__hover=\u00bb|||\u00bb][et_pb_text admin_label=\u00bbLa ventaja de trabajar con nosotros\u00bb _builder_version=\u00bb4.18.0&#8243; text_font=\u00bbPT Sans||||||||\u00bb text_font_size=\u00bb23px\u00bb text_line_height=\u00bb1.8em\u00bb header_font=\u00bbPoppins|600|||||||\u00bb header_font_size=\u00bb55px\u00bb header_line_height=\u00bb1.3em\u00bb custom_margin_last_edited=\u00bboff|desktop\u00bb custom_padding=\u00bb|||0px||\u00bb animation_style=\u00bbslide\u00bb animation_intensity_slide=\u00bb10%\u00bb hover_enabled=\u00bb0&#8243; global_colors_info=\u00bb{}\u00bb sticky_enabled=\u00bb0&#8243;]<\/p>\n<h2 class=\"onemast-h2\">Inmobiliaria en Benalm\u00e1dena con m\u00e1s opciones y m\u00e1s ahorro<\/h2>\n<p>[\/et_pb_text][et_pb_text _builder_version=\u00bb4.18.0&#8243; _module_preset=\u00bbdefault\u00bb text_font=\u00bb||||||||\u00bb text_text_color=\u00bb#000000&#8243; text_font_size=\u00bb16px\u00bb custom_padding=\u00bb||21px|||\u00bb global_colors_info=\u00bb{}\u00bb]<\/p>\n<p style=\"line-height: 30px; padding-top: 15px; text-align: justify;\" class=\"responsive-p\">Para conseguir los mejores resultados, lo mejor es tener siempre un amplio abanico de opciones. <strong>1MAST<\/strong> como, inmobiliaria en Benalm\u00e1dena, te da una gran combinaci\u00f3n de servicios premium con las herramientas tecnol\u00f3gicas m\u00e1s novedosas.<\/p>\n<p style=\"line-height: 30px; padding-top: 15px; text-align: justify;\" class=\"responsive-p\">As\u00ed, ponemos a tu disposici\u00f3n <strong>todas las opciones<\/strong> posibles para comprar o vender tu inmueble est\u00e9s donde est\u00e9s, siempre comparando precios y ahorro.<\/p>\n<p>[\/et_pb_text][et_pb_text admin_label=\u00bbLa ventaja de trabajar con nosotros\u00bb _builder_version=\u00bb4.18.0&#8243; text_font=\u00bbPT Sans||||||||\u00bb text_font_size=\u00bb23px\u00bb text_line_height=\u00bb1.8em\u00bb header_font=\u00bbPoppins|600|||||||\u00bb header_font_size=\u00bb55px\u00bb header_line_height=\u00bb1.3em\u00bb custom_margin_last_edited=\u00bboff|desktop\u00bb custom_padding=\u00bb|||0px||\u00bb animation_style=\u00bbslide\u00bb animation_intensity_slide=\u00bb10%\u00bb hover_enabled=\u00bb0&#8243; global_colors_info=\u00bb{}\u00bb sticky_enabled=\u00bb0&#8243;]<\/p>\n<h3 id=\"nuestras-ventajas\" class=\"onemast-h2\" style=\"font-weight: bold; font-size: 20px; color: #5f38f6!important;\">Un servicio inmobiliario a tu medida<\/h3>\n<p>[\/et_pb_text][et_pb_text _builder_version=\u00bb4.18.0&#8243; _module_preset=\u00bbdefault\u00bb text_font=\u00bb||||||||\u00bb text_text_color=\u00bb#000000&#8243; text_font_size=\u00bb16px\u00bb custom_margin=\u00bb-21px|||||\u00bb custom_padding=\u00bb||21px|||\u00bb hover_enabled=\u00bb0&#8243; global_colors_info=\u00bb{}\u00bb sticky_enabled=\u00bb0&#8243;]<\/p>\n<p style=\"line-height: 30px; padding-top: 15px; text-align: justify;\" class=\"responsive-p\"><strong>M\u00e1s de 20 a\u00f1os<\/strong> de dedicaci\u00f3n al sector inmobiliario de Benalm\u00e1dena nos han ense\u00f1ado muchas cosas. Entre ellas, que el pilar fundamental es la calidad del servicio. La confianza se gana con resultados, pero se afianza con un servicio impecable.<\/p>\n<p style=\"line-height: 30px; padding-top: 15px; text-align: justify;\" class=\"responsive-p\">Sabemos que un proceso de venta de un inmueble puede llegar a eternizarse. Tambi\u00e9n sabemos que no es plato de buen gusto para nadie, ni para ti, ni para nosotros. Sin renunciar a un <strong>servicio de calidad<\/strong>, intentamos agilizar el proceso al m\u00e1ximo, simplificando los pasos desde tu primera llamada hasta el cierre de la venta.<\/p>\n<p style=\"line-height: 30px; padding-top: 15px; text-align: justify;\" class=\"responsive-p\">Si buscas los mejores resultados, sin renunciar a cortos periodos de tiempo y el mayor ahorro posible, 1MAST es tu inmobiliaria en Benalm\u00e1dena. Nosotros ponemos toda nuestra experiencia y dedicaci\u00f3n. T\u00fa decides.<\/p>\n<p style=\"line-height: 30px; padding-top: 15px; text-align: justify;\" class=\"responsive-p\">Lo hacemos en tan solo <strong>3 sencillos pasos.<\/strong><\/p>\n<p>[\/et_pb_text][\/et_pb_column][\/et_pb_row][\/et_pb_section][et_pb_section fb_built=\u00bb1&#8243; _builder_version=\u00bb4.16&#8243; background_color=\u00bb#fcfcfe\u00bb custom_padding=\u00bb0px||12.5px|||\u00bb global_colors_info=\u00bb{}\u00bb][et_pb_row column_structure=\u00bb1_4,1_2,1_4&#8243; use_custom_gutter=\u00bbon\u00bb gutter_width=\u00bb1&#8243; make_equal=\u00bbon\u00bb disabled_on=\u00bboff|off|\u00bb module_class=\u00bbon-hover-box\u00bb _builder_version=\u00bb4.18.0&#8243; max_width=\u00bb1200px\u00bb custom_margin=\u00bb||35px|\u00bb custom_css_main_element=\u00bb-webkit-box-shadow: 0px 0px 20px 8px #e8e8e8;||box-shadow: 0px 0px 20px 8px #e8e8e8;||border-radius: 10px;||padding: 0;\u00bb global_colors_info=\u00bb{}\u00bb][et_pb_column type=\u00bb1_4&#8243; module_class=\u00bbon-hover-number\u00bb _builder_version=\u00bb4.16&#8243; background_image=\u00bbhttp:\/\/1mast.com\/wp-content\/uploads\/2019\/03\/number1.png\u00bb background_size=\u00bbinitial\u00bb custom_padding=\u00bb|||\u00bb custom_css_main_element=\u00bbopacity: .2;||background-position: 30%!important;\u00bb global_colors_info=\u00bb{}\u00bb custom_padding__hover=\u00bb|||\u00bb][\/et_pb_column][et_pb_column type=\u00bb1_2&#8243; module_class=\u00bbon-hover-number\u00bb _builder_version=\u00bb4.16&#8243; custom_padding=\u00bb|||\u00bb custom_css_main_element=\u00bb||\u00bb global_colors_info=\u00bb{}\u00bb custom_padding__hover=\u00bb|||\u00bb][et_pb_text admin_label=\u00bb1Desktop\u00bb _builder_version=\u00bb4.18.0&#8243; custom_margin=\u00bb36px||35px|||\u00bb global_colors_info=\u00bb{}\u00bb]<\/p>\n<h3 class=\"onemast-h2 onemast-h2-alt\" style=\"font-weight: bold;\">Re\u00fanete con tu agente<\/h3>\n<p class=\"onemast-p onemast-p-alt\">Lo primero es lo primero. Ponte en contacto con tu agente 1MAST y se encargar\u00e1 de empezar a poner en marcha el plan de venta o compra del inmueble. Te dar\u00e1 propuestas y una estrategia completamente personalizada, pero la \u00faltima decisi\u00f3n siempre la tienes t\u00fa. <\/p>\n<p>[\/et_pb_text][\/et_pb_column][et_pb_column type=\u00bb1_4&#8243; module_class=\u00bbon-hover-number\u00bb _builder_version=\u00bb4.18.0&#8243; background_color=\u00bb#606060&#8243; background_image=\u00bbhttp:\/\/1mast.com\/wp-content\/uploads\/2019\/03\/Comprar-en-1MAST-entrevistas-personales-Resized.jpg\u00bb custom_padding=\u00bb|||\u00bb custom_css_main_element=\u00bb    border-top-right-radius: 10px;||    border-bottom-right-radius: 10px;\u00bb global_colors_info=\u00bb{}\u00bb custom_padding__hover=\u00bb|||\u00bb][\/et_pb_column][\/et_pb_row][et_pb_row column_structure=\u00bb1_4,1_2,1_4&#8243; use_custom_gutter=\u00bbon\u00bb gutter_width=\u00bb1&#8243; make_equal=\u00bbon\u00bb disabled_on=\u00bboff|off|\u00bb module_class=\u00bbon-hover-box\u00bb _builder_version=\u00bb4.18.0&#8243; max_width=\u00bb1200px\u00bb custom_margin=\u00bb||35px|\u00bb custom_padding=\u00bb0px||0px|||\u00bb custom_css_main_element=\u00bb-webkit-box-shadow: 0px 0px 20px 8px #e8e8e8;||box-shadow: 0px 0px 20px 8px #e8e8e8;||border-radius: 10px;||padding: 0;\u00bb global_colors_info=\u00bb{}\u00bb][et_pb_column type=\u00bb1_4&#8243; module_class=\u00bbon-hover-number\u00bb _builder_version=\u00bb4.16&#8243; background_image=\u00bbhttp:\/\/1mast.com\/wp-content\/uploads\/2019\/03\/number2.png\u00bb background_size=\u00bbinitial\u00bb custom_padding=\u00bb|||\u00bb custom_css_main_element=\u00bbopacity: .2;||background-position: 30%!important;\u00bb global_colors_info=\u00bb{}\u00bb custom_padding__hover=\u00bb|||\u00bb][\/et_pb_column][et_pb_column type=\u00bb1_2&#8243; module_class=\u00bbon-hover-number\u00bb _builder_version=\u00bb4.16&#8243; custom_padding=\u00bb|||\u00bb global_colors_info=\u00bb{}\u00bb custom_padding__hover=\u00bb|||\u00bb][et_pb_text admin_label=\u00bb2Desktop\u00bb _builder_version=\u00bb4.18.0&#8243; global_colors_info=\u00bb{}\u00bb]<\/p>\n<h3 class=\"onemast-h2 onemast-h2-alt\" style=\"font-weight: bold;\">Tasaci\u00f3n del inmueble<\/h3>\n<p class=\"onemast-p onemast-p-alt\">\u00bfQuieres saber c\u00f3mo hacemos para que el 80% de nuestros clientes no haya tenido que bajar m\u00e1s del 5% del precio inicial de venta? En 1MAST nos aseguramos de que estos ea as\u00ed gracias a la intervenci\u00f3n de testigos. Otros propietarios que ya han vendido sus inmuebles en la zona dan fe del valor real.<\/p>\n<p class=\"onemast-p onemast-p-alt\">Por eso somos la inmobiliaria en Benalm\u00e1dena favorita de nuestros clientes<\/p>\n<p>[\/et_pb_text][\/et_pb_column][et_pb_column type=\u00bb1_4&#8243; module_class=\u00bbon-hover-number\u00bb _builder_version=\u00bb4.18.0&#8243; background_color=\u00bb#606060&#8243; background_image=\u00bbhttp:\/\/1mast.com\/wp-content\/uploads\/2019\/03\/Comprar-en-1MAST-estudio-financiero-Resized.jpg\u00bb custom_padding=\u00bb|||\u00bb custom_css_main_element=\u00bb    border-top-right-radius: 10px;||    border-bottom-right-radius: 10px;\u00bb global_colors_info=\u00bb{}\u00bb custom_padding__hover=\u00bb|||\u00bb][\/et_pb_column][\/et_pb_row][et_pb_row column_structure=\u00bb1_4,1_2,1_4&#8243; use_custom_gutter=\u00bbon\u00bb gutter_width=\u00bb1&#8243; make_equal=\u00bbon\u00bb disabled_on=\u00bboff|off|off\u00bb module_class=\u00bbon-hover-box\u00bb _builder_version=\u00bb4.18.0&#8243; max_width=\u00bb1200px\u00bb custom_margin=\u00bb||35px|\u00bb custom_css_main_element=\u00bb-webkit-box-shadow: 0px 0px 20px 8px #e8e8e8;||box-shadow: 0px 0px 20px 8px #e8e8e8;||border-radius: 10px;||padding: 0;\u00bb global_colors_info=\u00bb{}\u00bb][et_pb_column type=\u00bb1_4&#8243; module_class=\u00bbon-hover-number\u00bb _builder_version=\u00bb4.16&#8243; background_image=\u00bbhttp:\/\/1mast.com\/wp-content\/uploads\/2019\/03\/number3.png\u00bb background_size=\u00bbinitial\u00bb custom_padding=\u00bb|||\u00bb custom_css_main_element=\u00bbopacity: .2;||background-position: 30%!important;\u00bb global_colors_info=\u00bb{}\u00bb custom_padding__hover=\u00bb|||\u00bb][\/et_pb_column][et_pb_column type=\u00bb1_2&#8243; module_class=\u00bbon-hover-number\u00bb _builder_version=\u00bb4.16&#8243; custom_padding=\u00bb|||\u00bb global_colors_info=\u00bb{}\u00bb custom_padding__hover=\u00bb|||\u00bb][et_pb_text admin_label=\u00bb3Desktop\u00bb _builder_version=\u00bb4.18.0&#8243; min_height=\u00bb205px\u00bb custom_margin=\u00bb37px|||||\u00bb custom_padding=\u00bb||16px|||\u00bb global_colors_info=\u00bb{}\u00bb]<\/p>\n<h3 class=\"onemast-h2 onemast-h2-alt\" style=\"font-weight: bold;\">Plan de marketing adaptado<\/h3>\n<p class=\"onemast-p onemast-p-alt\">Para aumentar la rapidez de venta, hacemos que todo posible comprador conozca la oferta gracias a un plan de marketing ajustado a tus necesidades. Para que puedas ver la evoluci\u00f3n hasta el mismo momento de la venta, todos los meses te facilitaremos un informe. <\/p>\n<p>[\/et_pb_text][\/et_pb_column][et_pb_column type=\u00bb1_4&#8243; module_class=\u00bbon-hover-number\u00bb _builder_version=\u00bb4.18.0&#8243; background_color=\u00bb#606060&#8243; background_image=\u00bbhttp:\/\/1mast.com\/wp-content\/uploads\/2019\/03\/Comprar-en-1MAST-una-mejor-oferta-Resized.jpg\u00bb custom_padding=\u00bb|||\u00bb custom_css_main_element=\u00bb    border-top-right-radius: 10px;||    border-bottom-right-radius: 10px;\u00bb global_colors_info=\u00bb{}\u00bb custom_padding__hover=\u00bb|||\u00bb][\/et_pb_column][\/et_pb_row][\/et_pb_section][et_pb_section fb_built=\u00bb1&#8243; _builder_version=\u00bb4.16&#8243; background_color=\u00bb#fcfcfe\u00bb custom_padding=\u00bb0px||13.5px|||\u00bb global_colors_info=\u00bb{}\u00bb][et_pb_row _builder_version=\u00bb4.18.0&#8243; background_size=\u00bbinitial\u00bb background_position=\u00bbtop_left\u00bb background_repeat=\u00bbrepeat\u00bb max_width=\u00bb1200px\u00bb global_colors_info=\u00bb{}\u00bb][et_pb_column type=\u00bb4_4&#8243; _builder_version=\u00bb4.16&#8243; custom_padding=\u00bb|||\u00bb global_colors_info=\u00bb{}\u00bb custom_padding__hover=\u00bb|||\u00bb][et_pb_text admin_label=\u00bbAs\u00ed trabajamos\u00bb _builder_version=\u00bb4.18.0&#8243; text_font=\u00bbPT Sans||||||||\u00bb text_font_size=\u00bb23px\u00bb text_line_height=\u00bb1.8em\u00bb header_font=\u00bbPoppins|600|||||||\u00bb header_font_size=\u00bb55px\u00bb header_line_height=\u00bb1.3em\u00bb custom_margin=\u00bb-22px||-23px|||\u00bb custom_margin_last_edited=\u00bboff|desktop\u00bb custom_padding=\u00bb25px||33px|||\u00bb animation_style=\u00bbslide\u00bb animation_intensity_slide=\u00bb10%\u00bb hover_enabled=\u00bb0&#8243; global_colors_info=\u00bb{}\u00bb sticky_enabled=\u00bb0&#8243;]<\/p>\n<h2 id=\"asi-trabajamos\" class=\"onemast-h2\">Tu inmueble en Benalm\u00e1dena puede sorprender<\/h2>\n<p>[\/et_pb_text][et_pb_text _builder_version=\u00bb4.18.0&#8243; _module_preset=\u00bbdefault\u00bb text_font=\u00bb||||||||\u00bb text_text_color=\u00bb#000000&#8243; text_font_size=\u00bb16px\u00bb custom_padding=\u00bb||21px|||\u00bb global_colors_info=\u00bb{}\u00bb]<\/p>\n<p style=\"line-height: 30px; padding-top: 15px; text-align: justify;\" class=\"responsive-p\">Una primera impresi\u00f3n lo es todo muchas veces. Seguro que nada m\u00e1s ver alguna casa, ya sean sus interiores o su jard\u00edn, te ha pasado. Ese puede ser tu inmueble en el caso de un posible comprador. Queremos que se enamore desde el primer vistazo.<\/p>\n<p style=\"line-height: 30px; padding-top: 15px; text-align: justify;\" class=\"responsive-p\">Para ello, <strong>preparamos la vivienda<\/strong> con el prop\u00f3sito de que su debut en el mercado inmobiliario sea triunfal. \u00bfQuieres marcar la diferencia?<\/p>\n<p>[\/et_pb_text][\/et_pb_column][\/et_pb_row][et_pb_row column_structure=\u00bb1_2,1_2&#8243; _builder_version=\u00bb4.18.0&#8243; background_size=\u00bbinitial\u00bb background_position=\u00bbtop_left\u00bb background_repeat=\u00bbrepeat\u00bb max_width=\u00bb1200px\u00bb custom_padding=\u00bb9px|||||\u00bb global_colors_info=\u00bb{}\u00bb][et_pb_column type=\u00bb1_2&#8243; _builder_version=\u00bb4.16&#8243; custom_padding=\u00bb|||\u00bb global_colors_info=\u00bb{}\u00bb custom_padding__hover=\u00bb|||\u00bb][et_pb_text admin_label=\u00bbLa ventaja de trabajar con nosotros\u00bb _builder_version=\u00bb4.18.0&#8243; text_font=\u00bbPT Sans||||||||\u00bb text_font_size=\u00bb23px\u00bb text_line_height=\u00bb1.8em\u00bb header_font=\u00bbPoppins|600|||||||\u00bb header_font_size=\u00bb55px\u00bb header_line_height=\u00bb1.3em\u00bb custom_margin=\u00bb||1px|||\u00bb custom_margin_last_edited=\u00bboff|desktop\u00bb custom_padding=\u00bb|||0px||\u00bb animation_style=\u00bbslide\u00bb animation_intensity_slide=\u00bb10%\u00bb hover_enabled=\u00bb0&#8243; global_colors_info=\u00bb{}\u00bb sticky_enabled=\u00bb0&#8243;]<\/p>\n<h3 id=\"nuestras-ventajas\" class=\"onemast-h2\" style=\"font-weight: bold; font-size: 20px; color: #5f38f6!important;\">Visita 3D del inmueble<\/h3>\n<p>[\/et_pb_text][et_pb_text _builder_version=\u00bb4.18.0&#8243; _module_preset=\u00bbdefault\u00bb text_font=\u00bb||||||||\u00bb text_text_color=\u00bb#000000&#8243; text_font_size=\u00bb16px\u00bb min_height=\u00bb179px\u00bb custom_margin=\u00bb||6px|||\u00bb custom_padding=\u00bb||21px|||\u00bb global_colors_info=\u00bb{}\u00bb]<\/p>\n<p style=\"line-height: 30px; padding-top: 15px; text-align: justify;\" class=\"responsive-p\">Especialmente pensada para todos aquellos compradores que no puedan realizar una visita presencial. Hacemos un <strong>v\u00eddeo en 3D<\/strong> para que puedan conocer su futuro inmueble est\u00e9n donde est\u00e9n. \u00a1Incluso fuera de Espa\u00f1a! La tecnolog\u00eda nos ayuda a no frenar las ventas como inmobiliaria en Benalm\u00e1dena.<\/p>\n<p>[\/et_pb_text][et_pb_image src=\u00bbhttp:\/\/1mast.com\/wp-content\/uploads\/2019\/03\/Comprar-en-1MAST.jpg\u00bb alt=\u00bbTasar una vivienda, Pisos en venta, Venta de casa\u00bb title_text=\u00bbComprar en 1MAST\u00bb _builder_version=\u00bb4.17.6&#8243; _module_preset=\u00bbdefault\u00bb global_colors_info=\u00bb{}\u00bb][\/et_pb_image][\/et_pb_column][et_pb_column type=\u00bb1_2&#8243; _builder_version=\u00bb4.16&#8243; custom_padding=\u00bb|||\u00bb global_colors_info=\u00bb{}\u00bb custom_padding__hover=\u00bb|||\u00bb][et_pb_text admin_label=\u00bbLa ventaja de trabajar con nosotros\u00bb _builder_version=\u00bb4.18.0&#8243; text_font=\u00bbPT Sans||||||||\u00bb text_font_size=\u00bb23px\u00bb text_line_height=\u00bb1.8em\u00bb header_font=\u00bbPoppins|600|||||||\u00bb header_font_size=\u00bb55px\u00bb header_line_height=\u00bb1.3em\u00bb custom_margin=\u00bb||1px|||\u00bb custom_margin_last_edited=\u00bboff|desktop\u00bb custom_padding=\u00bb|||0px||\u00bb animation_style=\u00bbslide\u00bb animation_intensity_slide=\u00bb10%\u00bb global_colors_info=\u00bb{}\u00bb]<\/p>\n<h3 id=\"nuestras-ventajas\" class=\"onemast-h2\" style=\"font-weight: bold; font-size: 20px; color: #5f38f6!important;\">Retoques que marcan la diferencia<\/h3>\n<p>[\/et_pb_text][et_pb_text _builder_version=\u00bb4.18.0&#8243; _module_preset=\u00bbdefault\u00bb text_font=\u00bb||||||||\u00bb text_text_color=\u00bb#000000&#8243; text_font_size=\u00bb16px\u00bb custom_padding=\u00bb||21px|||\u00bb global_colors_info=\u00bb{}\u00bb]<\/p>\n<p style=\"line-height: 30px; padding-top: 15px; text-align: justify;\" class=\"responsive-p\">Si lo deseas, tambi\u00e9n se puede realizar un acondicionamiento de las zonas que interese destacar o del inmueble entero. Nosotros contactamos con los mejores expertos en jardiner\u00eda, interiorismo y pintura para que quede irreconocible e irresistible.\n<\/p>\n<p style=\"line-height: 30px; padding-top: 15px; text-align: justify;\" class=\"responsive-p\">Eligiendo 1MAST como tu inmobiliaria en Benalm\u00e1dena aseguras un servicio integral de m\u00e1xima calidad. <\/p>\n<p>[\/et_pb_text][et_pb_text admin_label=\u00bbLa ventaja de trabajar con nosotros\u00bb _builder_version=\u00bb4.18.0&#8243; text_font=\u00bbPT Sans||||||||\u00bb text_font_size=\u00bb23px\u00bb text_line_height=\u00bb1.8em\u00bb header_font=\u00bbPoppins|600|||||||\u00bb header_font_size=\u00bb55px\u00bb header_line_height=\u00bb1.3em\u00bb custom_margin=\u00bb||1px|||\u00bb custom_margin_last_edited=\u00bboff|desktop\u00bb custom_padding=\u00bb|||0px||\u00bb animation_style=\u00bbslide\u00bb animation_intensity_slide=\u00bb10%\u00bb hover_enabled=\u00bb0&#8243; global_colors_info=\u00bb{}\u00bb sticky_enabled=\u00bb0&#8243;]<\/p>\n<h3 id=\"nuestras-ventajas\" class=\"onemast-h2\" style=\"font-weight: bold; font-size: 20px; color: #5f38f6!important;\">Fotograf\u00eda de calidad de la casa<\/h3>\n<p>[\/et_pb_text][et_pb_text _builder_version=\u00bb4.18.0&#8243; _module_preset=\u00bbdefault\u00bb text_font=\u00bb||||||||\u00bb text_text_color=\u00bb#000000&#8243; text_font_size=\u00bb16px\u00bb custom_padding=\u00bb||21px|||\u00bb global_colors_info=\u00bb{}\u00bb]<\/p>\n<p style=\"line-height: 30px; padding-top: 15px; text-align: justify;\" class=\"responsive-p\">Para esa primera impresi\u00f3n tan importante a la hora de entrar por los ojos. Con la ayuda de un fot\u00f3grafo profesional, destacamos todo el potencial de la vivienda para que resalte como nunca hab\u00edas visto.<\/p>\n<p style=\"line-height: 30px; padding-top: 15px; text-align: justify;\" class=\"responsive-p\"><strong>Convencemos<\/strong> en un solo fotograma.<\/p>\n<p>[\/et_pb_text][\/et_pb_column][\/et_pb_row][\/et_pb_section][et_pb_section fb_built=\u00bb1&#8243; _builder_version=\u00bb4.16&#8243; background_color=\u00bb#fcfcfe\u00bb custom_padding=\u00bb0px||43.5px|||\u00bb global_colors_info=\u00bb{}\u00bb][et_pb_row _builder_version=\u00bb4.18.0&#8243; background_size=\u00bbinitial\u00bb background_position=\u00bbtop_left\u00bb background_repeat=\u00bbrepeat\u00bb max_width=\u00bb1200px\u00bb global_colors_info=\u00bb{}\u00bb][et_pb_column type=\u00bb4_4&#8243; _builder_version=\u00bb4.16&#8243; custom_padding=\u00bb|||\u00bb global_colors_info=\u00bb{}\u00bb custom_padding__hover=\u00bb|||\u00bb][et_pb_text admin_label=\u00bbAs\u00ed trabajamos\u00bb _builder_version=\u00bb4.18.0&#8243; text_font=\u00bbPT Sans||||||||\u00bb text_font_size=\u00bb23px\u00bb text_line_height=\u00bb1.8em\u00bb header_font=\u00bbPoppins|600|||||||\u00bb header_font_size=\u00bb55px\u00bb header_line_height=\u00bb1.3em\u00bb custom_margin=\u00bb-22px||-23px|||\u00bb custom_margin_last_edited=\u00bboff|desktop\u00bb custom_padding=\u00bb25px||33px|||\u00bb animation_style=\u00bbslide\u00bb animation_intensity_slide=\u00bb10%\u00bb hover_enabled=\u00bb0&#8243; global_colors_info=\u00bb{}\u00bb sticky_enabled=\u00bb0&#8243;]<\/p>\n<h2 id=\"asi-trabajamos\" class=\"onemast-h2\">Casa en Benalm\u00e1dena, valor seguro en la Costa del Sol<\/h2>\n<p>[\/et_pb_text][et_pb_text _builder_version=\u00bb4.18.0&#8243; _module_preset=\u00bbdefault\u00bb text_font=\u00bb||||||||\u00bb text_text_color=\u00bb#000000&#8243; text_font_size=\u00bb16px\u00bb custom_padding=\u00bb||21px|||\u00bb global_colors_info=\u00bb{}\u00bb]<\/p>\n<p style=\"line-height: 30px; padding-top: 15px; text-align: justify;\" class=\"responsive-p\">\u00bfSol y playa todo el a\u00f1o? En Benalm\u00e1dena es posible. No hace falta darle muchas vueltas para imaginarse entonces por qu\u00e9 es una localizaci\u00f3n privilegiada para la compra y venta de inmuebles.<\/p>\n<p style=\"line-height: 30px; padding-top: 15px; text-align: justify;\" class=\"responsive-p\">Sus fiestas, sus tradiciones, su gastronom\u00eda\u2026 Son muchos los motivos para quedarse a disfrutar de una segunda vivienda, hacer de este municipio tu hogar o vender, sabiendo que la <strong>demanda<\/strong> siempre va a existir gracias a sus condiciones privilegiadas.<\/p>\n<p>[\/et_pb_text][\/et_pb_column][\/et_pb_row][\/et_pb_section]<\/p>\n","protected":false},"excerpt":{"rendered":"<p>Inmobiliaria en Benalm\u00e1denaSi est\u00e1s buscando inmobiliaria en Benalm\u00e1dena, 1MAST es la opci\u00f3n inteligente para ti y tu bolsillo. Ahorra en cada venta o compra. Una media de 10.000 \u20ac de ahorro entre nuestros clientes y tan solo un 1% de comisi\u00f3n si compras y vendes gracias a 1MASTInmobiliaria en Benalm\u00e1dena con m\u00e1s opciones y m\u00e1s [&hellip;]<\/p>\n","protected":false},"author":1,"featured_media":0,"parent":0,"menu_order":0,"comment_status":"closed","ping_status":"closed","template":"","meta":{"_et_pb_use_builder":"on","_et_pb_old_content":"","_et_gb_content_width":"","footnotes":""},"class_list":["post-107294","page","type-page","status-publish","hentry"],"_links":{"self":[{"href":"https:\/\/1mast.com\/es\/wp-json\/wp\/v2\/pages\/107294","targetHints":{"allow":["GET"]}}],"collection":[{"href":"https:\/\/1mast.com\/es\/wp-json\/wp\/v2\/pages"}],"about":[{"href":"https:\/\/1mast.com\/es\/wp-json\/wp\/v2\/types\/page"}],"author":[{"embeddable":true,"href":"https:\/\/1mast.com\/es\/wp-json\/wp\/v2\/users\/1"}],"replies":[{"embeddable":true,"href":"https:\/\/1mast.com\/es\/wp-json\/wp\/v2\/comments?post=107294"}],"version-history":[{"count":5,"href":"https:\/\/1mast.com\/es\/wp-json\/wp\/v2\/pages\/107294\/revisions"}],"predecessor-version":[{"id":108660,"href":"https:\/\/1mast.com\/es\/wp-json\/wp\/v2\/pages\/107294\/revisions\/108660"}],"wp:attachment":[{"href":"https:\/\/1mast.com\/es\/wp-json\/wp\/v2\/media?parent=107294"}],"curies":[{"name":"wp","href":"https:\/\/api.w.org\/{rel}","templated":true}]}}