{"id":24853,"date":"2019-06-10T10:27:00","date_gmt":"2019-06-10T08:27:00","guid":{"rendered":"http:\/\/1mast.com\/?page_id=24853"},"modified":"2019-06-26T13:06:34","modified_gmt":"2019-06-26T11:06:34","slug":"como-vender-tu-casa-rapido","status":"publish","type":"page","link":"https:\/\/1mast.com\/es\/como-vender-tu-casa-rapido\/","title":{"rendered":"Gu\u00eda para vender tu casa rapido"},"content":{"rendered":"<p>[et_pb_section fb_built=\u00bb1&#8243; _builder_version=\u00bb3.22.7&#8243; custom_padding=\u00bb||1px|||\u00bb][et_pb_row use_custom_gutter=\u00bbon\u00bb custom_padding=\u00bb94px||102px|||\u00bb custom_margin=\u00bb-54px|auto||auto||\u00bb _builder_version=\u00bb3.22.7&#8243; background_image=\u00bbhttp:\/\/1mast.com\/wp-content\/uploads\/2019\/03\/Foto-Comprar_full-copia.png\u00bb width=\u00bb100%\u00bb max_width=\u00bb2113px\u00bb][et_pb_column type=\u00bb4_4&#8243; _builder_version=\u00bb3.22.7&#8243;][et_pb_text _builder_version=\u00bb3.22.7&#8243; text_font=\u00bbPoppins|600|||||||\u00bb text_text_color=\u00bb#ffffff\u00bb text_font_size=\u00bb38px\u00bb header_font=\u00bbPoppins|600|||||||\u00bb header_text_color=\u00bb#ffffff\u00bb header_font_size=\u00bb55px\u00bb header_4_font=\u00bbPoppins|||on|||||\u00bb header_4_text_color=\u00bb#ffffff\u00bb header_4_font_size=\u00bb36px\u00bb text_orientation=\u00bbcenter\u00bb]<\/p>\n<h4>C\u00f3mo vender tu casa r\u00e1pido<\/h4>\n<p>[\/et_pb_text][\/et_pb_column][\/et_pb_row][\/et_pb_section][et_pb_section fb_built=\u00bb1&#8243; _builder_version=\u00bb3.22.7&#8243; custom_padding=\u00bb25px||1px|||\u00bb][et_pb_row custom_padding=\u00bb||13px|||\u00bb _builder_version=\u00bb3.22.7&#8243;][et_pb_column type=\u00bb4_4&#8243; _builder_version=\u00bb3.22.7&#8243;][et_pb_text _builder_version=\u00bb3.22.7&#8243; text_font=\u00bbPT Sans||||||||\u00bb text_text_color=\u00bb#000000&#8243; text_font_size=\u00bb16px\u00bb text_line_height=\u00bb1.8em\u00bb header_font=\u00bbPoppins|600|||||||\u00bb header_text_color=\u00bb#ffffff\u00bb header_font_size=\u00bb55px\u00bb header_4_font=\u00bbPT Sans|700|||||||\u00bb header_4_text_align=\u00bbleft\u00bb header_4_text_color=\u00bb#5f38f6&#8243; header_4_font_size=\u00bb20px\u00bb text_orientation=\u00bbjustified\u00bb]<\/p>\n<h4>Desarrollar una estrategia ganadora<\/h4>\n<p>Hay varios factores que determinan una venta r\u00e1pida de la vivienda, y aunque algunos est\u00e1n fuera de su control, hay algunas cosas que usted y su agente inmobiliario pueden hacer para asegurarse de que su casa se venda lo antes posible.<\/p>\n<p>[\/et_pb_text][\/et_pb_column][\/et_pb_row][et_pb_row custom_padding=\u00bb||0px|||\u00bb _builder_version=\u00bb3.22.7&#8243;][et_pb_column type=\u00bb1_2&#8243; _builder_version=\u00bb3.22.7&#8243;][et_pb_text _builder_version=\u00bb3.22.7&#8243; text_font=\u00bbPT Sans||||||||\u00bb text_text_color=\u00bb#000000&#8243; text_font_size=\u00bb16px\u00bb text_line_height=\u00bb1.8em\u00bb header_font=\u00bbPoppins|600|||||||\u00bb header_text_color=\u00bb#ffffff\u00bb header_font_size=\u00bb55px\u00bb header_4_font=\u00bbPT Sans|700|||||||\u00bb header_4_text_align=\u00bbleft\u00bb header_4_text_color=\u00bb#5f38f6&#8243; header_4_font_size=\u00bb20px\u00bb text_orientation=\u00bbjustified\u00bb]<\/p>\n<h4>Encuentre al agente inmobiliario correcto<\/h4>\n<p>Siempre es importante <strong>encontrar un agente inmobiliario profesional y honesto<\/strong>, pero es especialmente importante cuando quieres vender r\u00e1pido. Su agente tendr\u00e1 que estar completamente disponible, tener experiencia para establecer el precio correcto, gestionar de forma eficaz el alta su vivienda y conseguir cerrar el trato con rapidez y seguridad.<\/p>\n<p>Durante su b\u00fasqueda de agentes inmobiliarios, aseg\u00farese de encontrar a alguien en quien conf\u00ede, que pueda ayudarle a obtener el mejor precio por su casa en el menor tiempo posible.<\/p>\n<p>[\/et_pb_text][\/et_pb_column][et_pb_column type=\u00bb1_2&#8243; _builder_version=\u00bb3.22.7&#8243;][et_pb_text _builder_version=\u00bb3.22.7&#8243; text_font=\u00bbPT Sans||||||||\u00bb text_text_color=\u00bb#000000&#8243; text_font_size=\u00bb16px\u00bb text_line_height=\u00bb1.8em\u00bb header_font=\u00bbPoppins|600|||||||\u00bb header_text_color=\u00bb#ffffff\u00bb header_font_size=\u00bb55px\u00bb header_4_font=\u00bbPT Sans|700|||||||\u00bb header_4_text_align=\u00bbleft\u00bb header_4_text_color=\u00bb#5f38f6&#8243; header_4_font_size=\u00bb20px\u00bb text_orientation=\u00bbjustified\u00bb]<\/p>\n<h4>\u00bfCu\u00e1l es el mejor momento para poner mi casa en venta?<\/h4>\n<p>Aunque no puede controlar el mercado de la vivienda, puede decidir <strong>en qu\u00e9 momento poner su casa a la venta<\/strong>. En general, las casas se venden m\u00e1s r\u00e1pido durante ciertas \u00e9pocas del a\u00f1o, incluso el d\u00eda de la semana es importante a la hora de lanzar su casa al mercado, as\u00ed que hable con su agente acerca del mejor momento para vender su casa r\u00e1pido y al mejor precio para usted.<\/p>\n<p>[\/et_pb_text][\/et_pb_column][\/et_pb_row][et_pb_row custom_padding=\u00bb||13px|||\u00bb _builder_version=\u00bb3.22.7&#8243;][et_pb_column type=\u00bb1_2&#8243; _builder_version=\u00bb3.22.7&#8243;][et_pb_text _builder_version=\u00bb3.22.7&#8243; text_font=\u00bbPT Sans||||||||\u00bb text_text_color=\u00bb#000000&#8243; text_font_size=\u00bb16px\u00bb text_line_height=\u00bb1.8em\u00bb header_font=\u00bbPoppins|600|||||||\u00bb header_text_color=\u00bb#ffffff\u00bb header_font_size=\u00bb55px\u00bb header_4_font=\u00bbPT Sans|700|||||||\u00bb header_4_text_align=\u00bbleft\u00bb header_4_text_color=\u00bb#5f38f6&#8243; text_orientation=\u00bbjustified\u00bb custom_padding=\u00bb||0px|||\u00bb]<\/p>\n<p>Estas son algunas preguntas importantes que debe hacer para <strong>elegir bien a su agente inmobiliario<\/strong>:<br \/> \u00bfCu\u00e1ntas ventas ha realizado en su barrio?<br \/> \u00bfAlguna vez un cliente le ha presentado una reclamaci\u00f3n o queja?<br \/> \u00bfCu\u00e1l es su comisi\u00f3n?<br \/> \u00bfQu\u00e9 tiempo tarda de media en vender una propiedad?<br \/> \u00bfQu\u00e9 te diferencia de otros agentes?<br \/> \u00bfPuedo ver comentarios de sus anteriores clientes?<\/p>\n<p>&nbsp;<\/p>\n<p>[\/et_pb_text][\/et_pb_column][et_pb_column type=\u00bb1_2&#8243; _builder_version=\u00bb3.22.7&#8243;][et_pb_image src=\u00bbhttp:\/\/1mast.com\/wp-content\/uploads\/2019\/03\/Comprar-en-1MAST-ahorra-Resized.jpg\u00bb _builder_version=\u00bb3.22.7&#8243; custom_margin=\u00bb-55px||\u00bb custom_padding=\u00bb0px|||||\u00bb][\/et_pb_image][\/et_pb_column][\/et_pb_row][\/et_pb_section][et_pb_section fb_built=\u00bb1&#8243; _builder_version=\u00bb3.22.7&#8243; background_image=\u00bbhttp:\/\/1mast.com\/wp-content\/uploads\/2019\/02\/Fondo-slide.jpg\u00bb][et_pb_row _builder_version=\u00bb3.22.7&#8243;][et_pb_column type=\u00bb4_4&#8243; _builder_version=\u00bb3.22.7&#8243;][et_pb_text _builder_version=\u00bb3.22.7&#8243; text_font=\u00bbPT Sans||||||||\u00bb text_text_color=\u00bb#ffffff\u00bb text_font_size=\u00bb20px\u00bb text_line_height=\u00bb1.8em\u00bb text_orientation=\u00bbcenter\u00bb]Los Agentes de 1MAST est\u00e1n listos para vender su casa en un plazo medio de 3.8 meses y cobran solo un 1% con el mejor servicio. Las casas vendidas por 1MAST se venden por 3.000\u20ac m\u00e1s aproximadamente que en otras agencias *[\/et_pb_text][\/et_pb_column][\/et_pb_row][\/et_pb_section][et_pb_section fb_built=\u00bb1&#8243; _builder_version=\u00bb3.22.7&#8243; custom_padding=\u00bb48px||0px|||\u00bb][et_pb_row custom_padding=\u00bb||15px|||\u00bb _builder_version=\u00bb3.22.7&#8243;][et_pb_column type=\u00bb1_2&#8243; _builder_version=\u00bb3.22.7&#8243;][et_pb_text _builder_version=\u00bb3.22.7&#8243; text_font=\u00bbPT Sans||||||||\u00bb text_text_color=\u00bb#000000&#8243; text_font_size=\u00bb16px\u00bb text_line_height=\u00bb1.8em\u00bb header_font=\u00bbPoppins|600|||||||\u00bb header_text_color=\u00bb#ffffff\u00bb header_font_size=\u00bb55px\u00bb header_4_font=\u00bbPT Sans|700|||||||\u00bb header_4_text_align=\u00bbleft\u00bb header_4_text_color=\u00bb#5f38f6&#8243; header_4_font_size=\u00bb20px\u00bb text_orientation=\u00bbjustified\u00bb]<\/p>\n<h4>Establecer el precio acertado<\/h4>\n<p>La clave para vender su casa r\u00e1pido es establecer un precio acertado. Una casa sobrevalorada puede permanecer en el mercado durante meses independientemente de la publicidad o marketing que se realice.[\/et_pb_text][et_pb_text _builder_version=\u00bb3.22.7&#8243; text_font=\u00bbPT Sans||||||||\u00bb text_text_color=\u00bb#000000&#8243; text_font_size=\u00bb16px\u00bb text_line_height=\u00bb1.8em\u00bb header_font=\u00bbPoppins|600|||||||\u00bb header_text_color=\u00bb#ffffff\u00bb header_font_size=\u00bb55px\u00bb header_4_font=\u00bbPT Sans|700|||||||\u00bb header_4_text_align=\u00bbleft\u00bb header_4_text_color=\u00bb#5f38f6&#8243; text_orientation=\u00bbjustified\u00bb]<\/p>\n<p>Si quiere saber cu\u00e1nto vale su casa,<strong> solicite un An\u00e1lisis Comparativo de Mercado (ACM)<\/strong> a su agente en base a las \u00faltimas propiedades vendidas en su zona.<\/p>\n<p>Gracias a este estudio su agente podr\u00e1 determinar un rango de precios para su hogar. Si su objetivo es vender r\u00e1pidamente, su agente le recomendar\u00e1 tres opciones de precio de venta.<\/p>\n<p>[\/et_pb_text][\/et_pb_column][et_pb_column type=\u00bb1_2&#8243; _builder_version=\u00bb3.22.7&#8243;][et_pb_image src=\u00bbhttp:\/\/1mast.com\/wp-content\/uploads\/2019\/06\/ACM.jpg\u00bb _builder_version=\u00bb3.22.7&#8243; width=\u00bb79%\u00bb module_alignment=\u00bbcenter\u00bb][\/et_pb_image][\/et_pb_column][\/et_pb_row][\/et_pb_section][et_pb_section fb_built=\u00bb1&#8243; _builder_version=\u00bb3.22.7&#8243; custom_padding=\u00bb8px||35px|||\u00bb][et_pb_row _builder_version=\u00bb3.22.7&#8243;][et_pb_column type=\u00bb1_2&#8243; _builder_version=\u00bb3.22.7&#8243;][et_pb_text _builder_version=\u00bb3.22.7&#8243; text_font=\u00bbPT Sans||||||||\u00bb text_text_color=\u00bb#000000&#8243; text_font_size=\u00bb16px\u00bb text_line_height=\u00bb1.8em\u00bb header_font=\u00bbPoppins|600|||||||\u00bb header_text_color=\u00bb#ffffff\u00bb header_font_size=\u00bb55px\u00bb header_4_font=\u00bbPT Sans|700|||||||\u00bb header_4_text_align=\u00bbleft\u00bb header_4_text_color=\u00bb#5f38f6&#8243; header_4_font_size=\u00bb20px\u00bb text_orientation=\u00bbjustified\u00bb]<\/p>\n<h4>Prepara tu casa para la venta<\/h4>\n<p>Una vez que haya realizado las mejoras en el hogar, podr\u00eda ser interesante alquilar un trastero donde guardar mobiliario sobrante o todas esas cosas que se van acumulando y que pueden hacer su casa m\u00e1s peque\u00f1a, deje solo los mejores muebles y alguna decoraci\u00f3n.<br \/> Es importante limpiar y ordenar. Quite los art\u00edculos personales, como fotos familiares, para que los compradores potenciales puedan imaginarse que viven en su hogar.<br \/> Si lo desea su agente le podr\u00eda recomendar un especialista en Home Staging que se encarga de estas tareas.<\/p>\n<p>[\/et_pb_text][\/et_pb_column][et_pb_column type=\u00bb1_2&#8243; _builder_version=\u00bb3.22.7&#8243;][et_pb_text _builder_version=\u00bb3.22.7&#8243; text_font=\u00bbPT Sans||||||||\u00bb text_text_color=\u00bb#000000&#8243; text_font_size=\u00bb16px\u00bb text_line_height=\u00bb1.8em\u00bb header_font=\u00bbPoppins|600|||||||\u00bb header_text_color=\u00bb#ffffff\u00bb header_font_size=\u00bb55px\u00bb header_4_font=\u00bbPT Sans|700|||||||\u00bb header_4_text_align=\u00bbleft\u00bb header_4_text_color=\u00bb#5f38f6&#8243; header_4_font_size=\u00bb20px\u00bb text_orientation=\u00bbjustified\u00bb]<\/p>\n<h4>Hacer mejoras en el hogar<\/h4>\n<p>Es importante que un agente le visite y vea su vivienda con usted para anotar todo lo que vale la pena mejorar o retirar. <strong>Su agente le puede recomendar peque\u00f1as actuaciones<\/strong> como pintar con colores neutros y cambiar algunos interruptores para ayudar a<strong> aumentar el inter\u00e9s del comprador<\/strong>.<\/p>\n<p>[\/et_pb_text][\/et_pb_column][\/et_pb_row][\/et_pb_section][et_pb_section fb_built=\u00bb1&#8243; _builder_version=\u00bb3.22.7&#8243; background_image=\u00bbhttp:\/\/1mast.com\/wp-content\/uploads\/2019\/02\/Fondo-slide.png\u00bb custom_padding=\u00bb26px||22px|||\u00bb][et_pb_row _builder_version=\u00bb3.22.7&#8243;][et_pb_column type=\u00bb4_4&#8243; _builder_version=\u00bb3.22.7&#8243;][et_pb_text _builder_version=\u00bb3.22.7&#8243; text_font=\u00bbPT Sans||||||||\u00bb text_text_color=\u00bb#ffffff\u00bb text_font_size=\u00bb20px\u00bb header_font=\u00bbPoppins|600|||||||\u00bb header_text_color=\u00bb#ffffff\u00bb header_font_size=\u00bb55px\u00bb header_4_font=\u00bbPT Sans|700|||||||\u00bb header_4_text_align=\u00bbcenter\u00bb header_4_text_color=\u00bb#ffffff\u00bb text_orientation=\u00bbcenter\u00bb]<\/p>\n<p>Consejo de 1MAST<\/p>\n<p>Muchos propietarios ponen a su casa un precio m\u00e1s alto con el objetivo de negociar con los futuros compradores para conseguir un precio superior, esta estrategia de \u00abSiempre hay tiempo para bajar\u00bb no es aconsejable para una venta r\u00e1pida y al mejor precio, si su casa tiene un precio demasiado alto, no aparecer\u00e1 en las b\u00fasquedas en internet de los compradores de vivienda, as\u00ed que no podr\u00e1n hacer ninguna oferta.<\/p>\n<p>[\/et_pb_text][\/et_pb_column][\/et_pb_row][\/et_pb_section][et_pb_section fb_built=\u00bb1&#8243; _builder_version=\u00bb3.22.7&#8243; custom_padding=\u00bb0px||31px|||\u00bb][et_pb_row _builder_version=\u00bb3.22.7&#8243;][et_pb_column type=\u00bb4_4&#8243; _builder_version=\u00bb3.22.7&#8243;][et_pb_text _builder_version=\u00bb3.22.7&#8243; text_font=\u00bbPT Sans||||||||\u00bb text_text_color=\u00bb#000000&#8243; text_font_size=\u00bb16px\u00bb text_line_height=\u00bb1.8em\u00bb header_font=\u00bbPoppins|600|||||||\u00bb header_text_color=\u00bb#ffffff\u00bb header_font_size=\u00bb55px\u00bb header_4_font=\u00bbPT Sans|700|||||||\u00bb header_4_text_align=\u00bbleft\u00bb header_4_text_color=\u00bb#5f38f6&#8243; header_4_font_size=\u00bb20px\u00bb text_orientation=\u00bbjustified\u00bb custom_margin=\u00bb||41px|||\u00bb]<\/p>\n<h4>Destaque su vivienda entre todas las del barrio<br \/>\n<\/h4>\n<p>Despu\u00e9s de preparar el interior, no olvide el exterior, \u00a1Es lo primero que ver\u00e1n los clientes cuando vayan a visitar su casa! Su agente puede recomendar la contrataci\u00f3n de alg\u00fan jardinero para acondicionar su jard\u00edn.[\/et_pb_text][et_pb_text _builder_version=\u00bb3.22.7&#8243; text_font=\u00bbPT Sans||||||||\u00bb text_text_color=\u00bb#000000&#8243; text_font_size=\u00bb16px\u00bb text_line_height=\u00bb1.8em\u00bb header_font=\u00bbPoppins|600|||||||\u00bb header_text_color=\u00bb#ffffff\u00bb header_font_size=\u00bb55px\u00bb header_4_font=\u00bbPT Sans|700|||||||\u00bb header_4_text_align=\u00bbleft\u00bb header_4_text_color=\u00bb#5f38f6&#8243; header_4_font_size=\u00bb20px\u00bb text_orientation=\u00bbjustified\u00bb]<\/p>\n<h4>Reportaje de fotos<\/h4>\n<p>Aunque usted mismo podr\u00eda hacer fotos, <strong>un fot\u00f3grafo profesional inmobiliario puede ayudar a que su casa se venda m\u00e1s r\u00e1pido y al mejor precio<\/strong>. En 1MAST sabemos que las propiedades fotografiadas con una c\u00e1mara y objetivo de alta calidad se venden a un precio superior en el mercado.<\/p>\n<p>Con 1MAST, tendr\u00e1s fotos profesionales y un v\u00eddeo 3D Matterport <strong>gratis<\/strong>. El escaneo interactivo en 3D permite a los compradores vivir su experiencia en su vivienda, es ideal para compradores extranjeros.<\/p>\n<p>[\/et_pb_text][et_pb_text _builder_version=\u00bb3.22.7&#8243; text_font=\u00bbPT Sans||||||||\u00bb text_text_color=\u00bb#000000&#8243; text_font_size=\u00bb16px\u00bb text_line_height=\u00bb1.8em\u00bb header_font=\u00bbPoppins|600|||||||\u00bb header_text_color=\u00bb#ffffff\u00bb header_font_size=\u00bb55px\u00bb header_4_font=\u00bbPT Sans|700|||||||\u00bb header_4_text_align=\u00bbleft\u00bb header_4_text_color=\u00bb#5f38f6&#8243; header_4_font_size=\u00bb20px\u00bb text_orientation=\u00bbjustified\u00bb custom_padding=\u00bb16px|||||\u00bb]<\/p>\n<h4>Open House<br \/>\n<\/h4>\n<p>Nuestras jornadas de puertas abiertas son un \u00e9xito, gracias a estas acciones posibles compradores podr\u00e1n visitar su vivienda sin cita previa.[\/et_pb_text][\/et_pb_column][\/et_pb_row][\/et_pb_section][et_pb_section fb_built=\u00bb1&#8243; _builder_version=\u00bb3.22.7&#8243; background_image=\u00bbhttp:\/\/1mast.com\/wp-content\/uploads\/2019\/02\/Fondo-slide.png\u00bb custom_padding=\u00bb44px||36px|||\u00bb][et_pb_row _builder_version=\u00bb3.22.7&#8243;][et_pb_column type=\u00bb4_4&#8243; _builder_version=\u00bb3.22.7&#8243;][et_pb_text _builder_version=\u00bb3.22.7&#8243; text_font=\u00bbPT Sans||||||||\u00bb text_text_color=\u00bb#ffffff\u00bb text_font_size=\u00bb20px\u00bb header_font=\u00bbPoppins|600|||||||\u00bb header_text_color=\u00bb#ffffff\u00bb header_font_size=\u00bb55px\u00bb header_4_font=\u00bbPT Sans|700|||||||\u00bb header_4_text_align=\u00bbcenter\u00bb header_4_text_color=\u00bb#ffffff\u00bb header_4_font_size=\u00bb22px\u00bb text_orientation=\u00bbcenter\u00bb]<\/p>\n<p>Consejo de 1MAST\n<\/p>\n<p>Encienda el aire acondicionado a la hora de ense\u00f1ar la vivienda, si hace demasiado calor los compradores se sentir\u00e1n incomodos y no se quedar\u00e1n mucho tiempo en su casa. Tenga en cuenta los malos olores: evite cocinar antes de las visitas y evite los ambientadores demasiado fuertes.<\/p>\n<p>[\/et_pb_text][\/et_pb_column][\/et_pb_row][\/et_pb_section][et_pb_section fb_built=\u00bb1&#8243; _builder_version=\u00bb3.22.7&#8243; custom_padding=\u00bb39px||22px|||\u00bb][et_pb_row _builder_version=\u00bb3.22.7&#8243;][et_pb_column type=\u00bb4_4&#8243; _builder_version=\u00bb3.22.7&#8243;][et_pb_text _builder_version=\u00bb3.22.7&#8243; text_font=\u00bbPT Sans||||||||\u00bb text_text_color=\u00bb#000000&#8243; text_font_size=\u00bb16px\u00bb text_line_height=\u00bb1.8em\u00bb header_font=\u00bbPoppins|600|||||||\u00bb header_text_color=\u00bb#ffffff\u00bb header_font_size=\u00bb55px\u00bb header_4_font=\u00bbPT Sans|700|||||||\u00bb header_4_text_align=\u00bbleft\u00bb header_4_text_color=\u00bb#5f38f6&#8243; header_4_font_size=\u00bb20px\u00bb text_orientation=\u00bbjustified\u00bb]<\/p>\n<h4>Negociaci\u00f3n y ofertas<\/h4>\n<p>En 1MAST \u00fanicamente trabajamos con <strong>ofertas en firme<\/strong>, los compradores realizar\u00e1n un dep\u00f3sito previo para evitar falsas expectativas. El nuestro es un trabajo de representaci\u00f3n, siempre crearemos una estrategia para conseguir el mejor precio para usted.<\/p>\n<p>[\/et_pb_text][et_pb_text _builder_version=\u00bb3.22.7&#8243; text_font=\u00bbPT Sans||||||||\u00bb text_text_color=\u00bb#000000&#8243; text_font_size=\u00bb16px\u00bb text_line_height=\u00bb1.8em\u00bb header_font=\u00bbPoppins|600|||||||\u00bb header_text_color=\u00bb#ffffff\u00bb header_font_size=\u00bb55px\u00bb header_4_font=\u00bbPT Sans|700|||||||\u00bb header_4_text_align=\u00bbleft\u00bb header_4_text_color=\u00bb#5f38f6&#8243; header_4_font_size=\u00bb20px\u00bb text_orientation=\u00bbjustified\u00bb]<\/p>\n<h4>Asesoramiento legal<\/h4>\n<p>Una vez que aceptes una oferta, preparemos los contratos y facilitaremos toda la documentaci\u00f3n al banco en el caso de que sea necesario. Y cuando se haya completado todo el proceso, <strong>le asistiremos en la notar\u00eda<\/strong>, por si es necesario solucionar alg\u00fan imprevisto de \u00faltima hora, en ese acto recibir\u00e1 su dinero con todas las garant\u00edas y har\u00e1 entrega de las llaves de su vivienda.<\/p>\n<p>* datos del \u00faltimo a\u00f1o<\/p>\n<p>[\/et_pb_text][\/et_pb_column][\/et_pb_row][et_pb_row custom_padding=\u00bb||34px|||\u00bb _builder_version=\u00bb3.22.7&#8243;][et_pb_column type=\u00bb4_4&#8243; _builder_version=\u00bb3.22.7&#8243;][et_pb_button button_url=\u00bbhttps:\/\/1mast.com\/es\/contacto\/\u00bb button_text=\u00bbContacta con un agente de tu zona\u00bb button_alignment=\u00bbcenter\u00bb _builder_version=\u00bb3.22.7&#8243; custom_button=\u00bbon\u00bb button_text_color=\u00bb#ffffff\u00bb button_bg_color=\u00bb#2ea3f2&#8243; button_border_width=\u00bb2px\u00bb button_border_color=\u00bb#2ea3f2&#8243; button_border_radius=\u00bb11px\u00bb button_letter_spacing=\u00bb0px\u00bb button_font=\u00bb||||||||\u00bb][\/et_pb_button][\/et_pb_column][\/et_pb_row][\/et_pb_section]<\/p>\n","protected":false},"excerpt":{"rendered":"<p>C\u00f3mo vender tu casa r\u00e1pidoDesarrollar una estrategia ganadora Hay varios factores que determinan una venta r\u00e1pida de la vivienda, y aunque algunos est\u00e1n fuera de su control, hay algunas cosas que usted y su agente inmobiliario pueden hacer para asegurarse de que su casa se venda lo antes posible.Encuentre al agente inmobiliario correcto Siempre es [&hellip;]<\/p>\n","protected":false},"author":1,"featured_media":0,"parent":0,"menu_order":0,"comment_status":"closed","ping_status":"closed","template":"","meta":{"_et_pb_use_builder":"on","_et_pb_old_content":"","_et_gb_content_width":"","footnotes":""},"class_list":["post-24853","page","type-page","status-publish","hentry"],"_links":{"self":[{"href":"https:\/\/1mast.com\/es\/wp-json\/wp\/v2\/pages\/24853","targetHints":{"allow":["GET"]}}],"collection":[{"href":"https:\/\/1mast.com\/es\/wp-json\/wp\/v2\/pages"}],"about":[{"href":"https:\/\/1mast.com\/es\/wp-json\/wp\/v2\/types\/page"}],"author":[{"embeddable":true,"href":"https:\/\/1mast.com\/es\/wp-json\/wp\/v2\/users\/1"}],"replies":[{"embeddable":true,"href":"https:\/\/1mast.com\/es\/wp-json\/wp\/v2\/comments?post=24853"}],"version-history":[{"count":0,"href":"https:\/\/1mast.com\/es\/wp-json\/wp\/v2\/pages\/24853\/revisions"}],"wp:attachment":[{"href":"https:\/\/1mast.com\/es\/wp-json\/wp\/v2\/media?parent=24853"}],"curies":[{"name":"wp","href":"https:\/\/api.w.org\/{rel}","templated":true}]}}