{"id":25588,"date":"2019-06-19T10:18:26","date_gmt":"2019-06-19T08:18:26","guid":{"rendered":"http:\/\/1mast.com\/?page_id=25588"},"modified":"2023-05-31T10:54:03","modified_gmt":"2023-05-31T08:54:03","slug":"guia-de-como-vender-tu-casa","status":"publish","type":"page","link":"https:\/\/1mast.com\/es\/guia-de-como-vender-tu-casa\/","title":{"rendered":"Gu\u00eda de c\u00f3mo vender tu casa"},"content":{"rendered":"<p>[et_pb_section fb_built=\u00bb1&#8243; _builder_version=\u00bb4.16&#8243; background_image=\u00bbhttp:\/\/1mast.com\/wp-content\/uploads\/2019\/03\/Imagen-Cabecera-1.png\u00bb global_colors_info=\u00bb{}\u00bb][et_pb_row _builder_version=\u00bb4.16&#8243; global_colors_info=\u00bb{}\u00bb][et_pb_column type=\u00bb4_4&#8243; _builder_version=\u00bb4.16&#8243; custom_padding=\u00bb|||\u00bb global_colors_info=\u00bb{}\u00bb custom_padding__hover=\u00bb|||\u00bb][et_pb_text _builder_version=\u00bb4.21.0&#8243; header_font=\u00bb||||||||\u00bb header_4_font=\u00bbPoppins||||||||\u00bb header_4_text_align=\u00bbcenter\u00bb header_4_text_color=\u00bb#ffffff\u00bb header_4_font_size=\u00bb36px\u00bb hover_enabled=\u00bb0&#8243; global_colors_info=\u00bb{}\u00bb header_text_align=\u00bbcenter\u00bb header_text_color=\u00bb#FFFFFF\u00bb sticky_enabled=\u00bb0&#8243;]<\/p>\n<h1>\u00bfC\u00d3MO VENDER TU CASA?<\/h1>\n<p>[\/et_pb_text][\/et_pb_column][\/et_pb_row][\/et_pb_section][et_pb_section fb_built=\u00bb1&#8243; admin_label=\u00bbsection\u00bb _builder_version=\u00bb4.16&#8243; custom_padding=\u00bb28px||0px|||\u00bb global_colors_info=\u00bb{}\u00bb][et_pb_row use_custom_gutter=\u00bbon\u00bb gutter_width=\u00bb2&#8243; make_equal=\u00bbon\u00bb _builder_version=\u00bb4.16&#8243; custom_padding=\u00bb||0px|||\u00bb width_unit=\u00bboff\u00bb custom_width_percent=\u00bb73%\u00bb global_colors_info=\u00bb{}\u00bb column_structure=\u00bb1_3,1_3,1_3&#8243;][et_pb_column type=\u00bb1_3&#8243; module_class=\u00bbsombra-caja caja-after\u00bb _builder_version=\u00bb4.16&#8243; custom_padding=\u00bb30px|30px|30px|30px\u00bb global_colors_info=\u00bb{}\u00bb custom_padding__hover=\u00bb|||\u00bb][et_pb_blurb image=\u00bbhttp:\/\/1mast.com\/wp-content\/uploads\/2019\/06\/hombre-de-negocios-1-1.png\u00bb content_max_width=\u00bb284px\u00bb _builder_version=\u00bb4.16&#8243; header_level=\u00bbh6&#8243; header_font=\u00bbPT Sans|700|||||||\u00bb header_text_color=\u00bb#8300e9&#8243; header_line_height=\u00bb25px\u00bb body_font=\u00bbPT Sans||||||||\u00bb body_text_color=\u00bbrgba(0,0,0,0.71)\u00bb body_font_size=\u00bb16px\u00bb body_line_height=\u00bb1.8em\u00bb background_size=\u00bbinitial\u00bb text_orientation=\u00bbcenter\u00bb custom_margin=\u00bb|||\u00bb custom_padding=\u00bb|||\u00bb animation_style=\u00bbslide\u00bb animation_direction=\u00bbbottom\u00bb animation_intensity_slide=\u00bb10%\u00bb animation=\u00bboff\u00bb link_option_url=\u00bb\/es\/como-vender-tu-casa-rapido\/\u00bb global_colors_info=\u00bb{}\u00bb]<\/p>\n<h6 class=\"onemast-h6\">C\u00d3MO VENDER TU CASA R\u00c1PIDO<\/h6>\n<p>[\/et_pb_blurb][\/et_pb_column][et_pb_column type=\u00bb1_3&#8243; module_class=\u00bbsombra-caja caja-after\u00bb _builder_version=\u00bb4.16&#8243; custom_padding=\u00bb30px|30px|30px|30px\u00bb global_colors_info=\u00bb{}\u00bb custom_padding__hover=\u00bb|||\u00bb][et_pb_blurb image=\u00bbhttp:\/\/1mast.com\/wp-content\/uploads\/2019\/06\/trato-3.png\u00bb content_max_width=\u00bb284px\u00bb _builder_version=\u00bb4.16&#8243; header_font=\u00bbPT Sans||||||||\u00bb header_line_height=\u00bb25px\u00bb body_font=\u00bbPT Sans||||||||\u00bb body_text_color=\u00bbrgba(0,0,0,0.71)\u00bb body_font_size=\u00bb16px\u00bb body_line_height=\u00bb1.8em\u00bb background_size=\u00bbinitial\u00bb text_orientation=\u00bbcenter\u00bb custom_margin=\u00bb|||\u00bb custom_padding=\u00bb|||\u00bb animation_style=\u00bbslide\u00bb animation_direction=\u00bbbottom\u00bb animation_intensity_slide=\u00bb10%\u00bb animation=\u00bboff\u00bb link_option_url=\u00bb\/es\/como-funciona-1mast\/\u00bb global_colors_info=\u00bb{}\u00bb]<\/p>\n<h6 class=\"onemast-h6\">C\u00d3MO FUNCIONA<br \/>1MAST<\/h6>\n<p>[\/et_pb_blurb][\/et_pb_column][et_pb_column type=\u00bb1_3&#8243; module_class=\u00bbsombra-caja caja-after\u00bb _builder_version=\u00bb4.16&#8243; custom_padding=\u00bb30px|30px|30px|30px\u00bb global_colors_info=\u00bb{}\u00bb custom_padding__hover=\u00bb|||\u00bb][et_pb_blurb image=\u00bbhttp:\/\/1mast.com\/wp-content\/uploads\/2019\/06\/consejo-elemental.png\u00bb content_max_width=\u00bb284px\u00bb _builder_version=\u00bb4.16&#8243; header_font=\u00bbPT Sans||||||||\u00bb header_line_height=\u00bb25px\u00bb body_font=\u00bbPT Sans||||||||\u00bb body_text_color=\u00bbrgba(0,0,0,0.71)\u00bb body_font_size=\u00bb16px\u00bb body_line_height=\u00bb1.8em\u00bb background_size=\u00bbinitial\u00bb text_orientation=\u00bbcenter\u00bb custom_margin=\u00bb|||\u00bb custom_padding=\u00bb|||\u00bb animation_style=\u00bbslide\u00bb animation_direction=\u00bbbottom\u00bb animation_intensity_slide=\u00bb10%\u00bb animation=\u00bboff\u00bb link_option_url=\u00bb\/es\/consejos-para-vender-tu-casa\/\u00bb global_colors_info=\u00bb{}\u00bb]<\/p>\n<h6 class=\"onemast-h6\">CONSEJOS PARA VENDER TU CASA<\/h6>\n<p>[\/et_pb_blurb][\/et_pb_column][\/et_pb_row][et_pb_row use_custom_gutter=\u00bbon\u00bb gutter_width=\u00bb2&#8243; make_equal=\u00bbon\u00bb _builder_version=\u00bb4.16&#8243; width_unit=\u00bboff\u00bb custom_width_percent=\u00bb73%\u00bb global_colors_info=\u00bb{}\u00bb column_structure=\u00bb1_2,1_2&#8243;][et_pb_column type=\u00bb1_2&#8243; module_class=\u00bbsombra-caja caja-after\u00bb _builder_version=\u00bb4.16&#8243; custom_padding=\u00bb30px|30px|30px|30px\u00bb global_colors_info=\u00bb{}\u00bb custom_padding__hover=\u00bb|||\u00bb][et_pb_blurb image=\u00bbhttp:\/\/1mast.com\/wp-content\/uploads\/2019\/06\/llaves-de-hotel.png\u00bb content_max_width=\u00bb284px\u00bb _builder_version=\u00bb4.16&#8243; header_level=\u00bbh6&#8243; header_font=\u00bbPT Sans|700|||||||\u00bb header_text_color=\u00bb#8300e9&#8243; header_line_height=\u00bb25px\u00bb body_font=\u00bbPT Sans||||||||\u00bb body_text_color=\u00bbrgba(0,0,0,0.71)\u00bb body_font_size=\u00bb16px\u00bb body_line_height=\u00bb1.8em\u00bb background_size=\u00bbinitial\u00bb text_orientation=\u00bbcenter\u00bb custom_margin=\u00bb|||\u00bb custom_padding=\u00bb|||\u00bb animation_style=\u00bbslide\u00bb animation_direction=\u00bbbottom\u00bb animation_intensity_slide=\u00bb10%\u00bb animation=\u00bboff\u00bb link_option_url=\u00bb\/es\/una-vez-vendida-la-casa\/\u00bb global_colors_info=\u00bb{}\u00bb]<\/p>\n<h6 class=\"onemast-h6\">UNA VEZ VENDIDA LA CASA<\/h6>\n<p>[\/et_pb_blurb][\/et_pb_column][et_pb_column type=\u00bb1_2&#8243; module_class=\u00bbsombra-caja caja-after\u00bb _builder_version=\u00bb4.16&#8243; custom_padding=\u00bb30px|30px|30px|30px\u00bb global_colors_info=\u00bb{}\u00bb custom_padding__hover=\u00bb|||\u00bb][et_pb_blurb image=\u00bbhttp:\/\/1mast.com\/wp-content\/uploads\/2019\/06\/comision.png\u00bb content_max_width=\u00bb284px\u00bb _builder_version=\u00bb4.16&#8243; header_font=\u00bbPT Sans||||||||\u00bb header_line_height=\u00bb25px\u00bb body_font=\u00bbPT Sans||||||||\u00bb body_text_color=\u00bbrgba(0,0,0,0.71)\u00bb body_font_size=\u00bb16px\u00bb body_line_height=\u00bb1.8em\u00bb background_size=\u00bbinitial\u00bb text_orientation=\u00bbcenter\u00bb custom_margin=\u00bb|||\u00bb custom_padding=\u00bb|||\u00bb animation_style=\u00bbslide\u00bb animation_direction=\u00bbbottom\u00bb animation_intensity_slide=\u00bb10%\u00bb animation=\u00bboff\u00bb link_option_url=\u00bb\/es\/comisiones-inmobiliarias\/\u00bb global_colors_info=\u00bb{}\u00bb]<\/p>\n<h6 class=\"onemast-h6\">COMISIONES INMOBILIARIAS<\/h6>\n<p>[\/et_pb_blurb][\/et_pb_column][\/et_pb_row][\/et_pb_section]<\/p>\n","protected":false},"excerpt":{"rendered":"<p>\u00bfC\u00d3MO VENDER TU CASA?C\u00d3MO VENDER TU CASA R\u00c1PIDOC\u00d3MO FUNCIONA1MASTCONSEJOS PARA VENDER TU CASAUNA VEZ VENDIDA LA CASACOMISIONES INMOBILIARIAS<\/p>\n","protected":false},"author":1,"featured_media":0,"parent":0,"menu_order":0,"comment_status":"closed","ping_status":"closed","template":"","meta":{"_et_pb_use_builder":"on","_et_pb_old_content":"","_et_gb_content_width":"","footnotes":""},"class_list":["post-25588","page","type-page","status-publish","hentry"],"_links":{"self":[{"href":"https:\/\/1mast.com\/es\/wp-json\/wp\/v2\/pages\/25588","targetHints":{"allow":["GET"]}}],"collection":[{"href":"https:\/\/1mast.com\/es\/wp-json\/wp\/v2\/pages"}],"about":[{"href":"https:\/\/1mast.com\/es\/wp-json\/wp\/v2\/types\/page"}],"author":[{"embeddable":true,"href":"https:\/\/1mast.com\/es\/wp-json\/wp\/v2\/users\/1"}],"replies":[{"embeddable":true,"href":"https:\/\/1mast.com\/es\/wp-json\/wp\/v2\/comments?post=25588"}],"version-history":[{"count":1,"href":"https:\/\/1mast.com\/es\/wp-json\/wp\/v2\/pages\/25588\/revisions"}],"predecessor-version":[{"id":127962,"href":"https:\/\/1mast.com\/es\/wp-json\/wp\/v2\/pages\/25588\/revisions\/127962"}],"wp:attachment":[{"href":"https:\/\/1mast.com\/es\/wp-json\/wp\/v2\/media?parent=25588"}],"curies":[{"name":"wp","href":"https:\/\/api.w.org\/{rel}","templated":true}]}}