{"id":25693,"date":"2019-06-19T14:36:26","date_gmt":"2019-06-19T12:36:26","guid":{"rendered":"http:\/\/1mast.com\/?page_id=25693"},"modified":"2023-01-23T13:28:46","modified_gmt":"2023-01-23T12:28:46","slug":"comisiones-inmobiliarias","status":"publish","type":"page","link":"https:\/\/1mast.com\/es\/comisiones-inmobiliarias\/","title":{"rendered":"COMISIONES INMOBILIARIAS"},"content":{"rendered":"<p>[et_pb_section fb_built=\u00bb1&#8243; _builder_version=\u00bb3.22.7&#8243; background_image=\u00bbhttp:\/\/1mast.com\/wp-content\/uploads\/2019\/02\/Fondo-slide.jpg\u00bb][et_pb_row _builder_version=\u00bb3.22.7&#8243;][et_pb_column type=\u00bb4_4&#8243; _builder_version=\u00bb3.22.7&#8243;][et_pb_text _builder_version=\u00bb3.22.7&#8243; header_font=\u00bb||||||||\u00bb header_4_font=\u00bbPoppins||||||||\u00bb header_4_text_align=\u00bbcenter\u00bb header_4_text_color=\u00bb#ffffff\u00bb header_4_font_size=\u00bb36px\u00bb]<\/p>\n<h4>LAS COMISIONES DE UNA AGENCIA INMOBILIARIA<\/h4>\n<h4>BIEN EXPLICADAS<\/h4>\n<p>[\/et_pb_text][\/et_pb_column][\/et_pb_row][\/et_pb_section][et_pb_section fb_built=\u00bb1&#8243; _builder_version=\u00bb3.22.7&#8243; custom_padding=\u00bb23px||23px||true|\u00bb][et_pb_row _builder_version=\u00bb3.22.7&#8243;][et_pb_column type=\u00bb4_4&#8243; _builder_version=\u00bb3.22.7&#8243;][et_pb_text _builder_version=\u00bb3.22.7&#8243; text_font=\u00bbPT Sans||||||||\u00bb text_text_color=\u00bb#000000&#8243; text_font_size=\u00bb16px\u00bb header_font=\u00bb||||||||\u00bb header_4_font=\u00bbPT Sans|700|||||||\u00bb header_4_text_align=\u00bbleft\u00bb header_4_text_color=\u00bb#6038f6&#8243; header_4_font_size=\u00bb20px\u00bb text_orientation=\u00bbjustified\u00bb]<\/p>\n<h4>La comisi\u00f3n de una agencia tradicional o corredor.<\/h4>\n<p>A la hora de comprar o vender tu casa es muy probable que trabajes con un agente inmobiliario. Es importante tambi\u00e9n conocer las comisiones asociadas a los servicios que ofrecen y a qui\u00e9n corresponden determinados gastos.<\/p>\n<p>Una agencia tradicional puede cobrar una comisi\u00f3n entre un 5 y un 7.5% del precio venta, \u00e9stas agencias representan tanto a vendedor como comprador, hacen una labor de intermediaci\u00f3n, la comisi\u00f3n se paga habitualmente a la entrega de llaves en notar\u00eda.<\/p>\n<p><\/p>\n<h4>La comisi\u00f3n de una agencia actual, sistema MLS (multiple listing service)<\/h4>\n<p>El vendedor de la casa paga los honorarios del agente inmobiliario, tanto los de su agente como los del agente del comprador. La comisi\u00f3n total suele ser del 5 al 6 % se paga por lo general en el momento del cierre o firma del contrato de compraventa, la mitad al agente del vendedor y la mitad al agente del comprador, un agente puede representar al comprador y vendedor. En la Costa del Sol, los compradores no pagan comisi\u00f3n, solo los gastos de compraventa: impuesto de transmisiones patrimoniales, notar\u00eda y registro.<\/p>\n<p>Si su agente inmobiliario le exige que firme un contrato, aseg\u00farese de leerlo con cuidado, tenga en cuenta los pagos de IVA sobre la comisi\u00f3n y otros gastos que corresponden al vendedor como la plusval\u00eda municipal.<\/p>\n<p>[\/et_pb_text][\/et_pb_column][\/et_pb_row][\/et_pb_section][et_pb_section fb_built=\u00bb1&#8243; _builder_version=\u00bb3.22.7&#8243; background_image=\u00bbhttp:\/\/1mast.com\/wp-content\/uploads\/2019\/02\/Fondo-slide.png\u00bb custom_padding=\u00bb20px||20px||true\u00bb][et_pb_row _builder_version=\u00bb3.22.7&#8243;][et_pb_column type=\u00bb4_4&#8243; _builder_version=\u00bb3.22.7&#8243;][et_pb_text _builder_version=\u00bb3.22.7&#8243; text_font=\u00bbPT Sans||||||||\u00bb text_text_color=\u00bb#ffffff\u00bb text_font_size=\u00bb20px\u00bb header_font=\u00bbPT Sans||||||||\u00bb header_text_align=\u00bbcenter\u00bb header_text_color=\u00bb#ffffff\u00bb header_font_size=\u00bb20px\u00bb text_orientation=\u00bbcenter\u00bb]<\/p>\n<p>Consejo de 1MAST<\/p>\n<p>Antes de firmar el contrato pida que le informen acerca de los t\u00e9rminos del mismo \u00bfPuede vender por su cuenta?  \u00bfCu\u00e1l es la duraci\u00f3n? \u00bfSe puede cancelar el mismo? Aseg\u00farese de leer cuidadosamente el contrato antes de firmar.\n<\/p>\n<p>[\/et_pb_text][\/et_pb_column][\/et_pb_row][\/et_pb_section][et_pb_section fb_built=\u00bb1&#8243; _builder_version=\u00bb3.22.7&#8243; custom_padding=\u00bb25px||25px||true|\u00bb][et_pb_row _builder_version=\u00bb3.22.7&#8243;][et_pb_column type=\u00bb1_2&#8243; _builder_version=\u00bb3.22.7&#8243;][et_pb_image src=\u00bbhttp:\/\/1mast.com\/wp-content\/uploads\/2019\/06\/310.jpg\u00bb _builder_version=\u00bb3.22.7&#8243; width=\u00bb100%\u00bb][\/et_pb_image][\/et_pb_column][et_pb_column type=\u00bb1_2&#8243; _builder_version=\u00bb3.22.7&#8243;][et_pb_text _builder_version=\u00bb3.22.7&#8243; text_font=\u00bbPT Sans||||||||\u00bb text_text_color=\u00bb#000000&#8243; text_font_size=\u00bb16px\u00bb header_font=\u00bb||||||||\u00bb header_4_font=\u00bbPT Sans|700||on|||||\u00bb header_4_text_align=\u00bbleft\u00bb header_4_text_color=\u00bb#6038f6&#8243; header_4_font_size=\u00bb20px\u00bb header_4_line_height=\u00bb2.6em\u00bb text_orientation=\u00bbjustified\u00bb custom_margin=\u00bb-20px|||-27px||\u00bb custom_padding=\u00bb|||0px||\u00bb]<\/p>\n<h4>Ahorra con 1MAST<\/h4>\n<p>Al vender con 1MAST  llegado el momento de una oferta no tendr\u00e1s que negociar la comisi\u00f3n. Somos completamente transparentes y cobramos a todos nuestros clientes la misma comisi\u00f3n Un 1%,* adem\u00e1s nunca le cobraremos por servicios como fotograf\u00edas profesionales, v\u00eddeos 3d, flyers o marketing digital, solo cobramos si vendemos su propiedad. <\/p>\n<p>Nuestros clientes obtienen m\u00e1s dinero por la venta de sus casas, una media de 3.000\u20ac con respecto a la venta con una agencia tradicional. **<\/p>\n<p>*Existe una comisi\u00f3n m\u00ednima.<\/p>\n<p>**El ahorro calculado es una estimaci\u00f3n sobre una comisi\u00f3n del 5% que puede variar seg\u00fan el mercado. <\/p>\n<p>[\/et_pb_text][\/et_pb_column][\/et_pb_row][et_pb_row _builder_version=\u00bb3.22.7&#8243;][et_pb_column type=\u00bb4_4&#8243; _builder_version=\u00bb3.22.7&#8243;][et_pb_button button_url=\u00bbhttps:\/\/1mast.com\/es\/contacto\/\u00bb button_text=\u00bbContacta con un agente de tu zona\u00bb button_alignment=\u00bbcenter\u00bb _builder_version=\u00bb3.22.7&#8243; custom_button=\u00bbon\u00bb button_text_color=\u00bb#ffffff\u00bb button_bg_color=\u00bb#2ea3f2&#8243; button_border_width=\u00bb2px\u00bb button_border_color=\u00bb#2ea3f2&#8243; button_border_radius=\u00bb11px\u00bb button_letter_spacing=\u00bb0px\u00bb button_font=\u00bb||||||||\u00bb][\/et_pb_button][\/et_pb_column][\/et_pb_row][\/et_pb_section]<\/p>\n","protected":false},"excerpt":{"rendered":"<p>LAS COMISIONES DE UNA AGENCIA INMOBILIARIA BIEN EXPLICADASLa comisi\u00f3n de una agencia tradicional o corredor. A la hora de comprar o vender tu casa es muy probable que trabajes con un agente inmobiliario. Es importante tambi\u00e9n conocer las comisiones asociadas a los servicios que ofrecen y a qui\u00e9n corresponden determinados gastos. Una agencia tradicional puede [&hellip;]<\/p>\n","protected":false},"author":1,"featured_media":0,"parent":0,"menu_order":0,"comment_status":"closed","ping_status":"closed","template":"","meta":{"_et_pb_use_builder":"on","_et_pb_old_content":"","_et_gb_content_width":"","footnotes":""},"class_list":["post-25693","page","type-page","status-publish","hentry"],"_links":{"self":[{"href":"https:\/\/1mast.com\/es\/wp-json\/wp\/v2\/pages\/25693","targetHints":{"allow":["GET"]}}],"collection":[{"href":"https:\/\/1mast.com\/es\/wp-json\/wp\/v2\/pages"}],"about":[{"href":"https:\/\/1mast.com\/es\/wp-json\/wp\/v2\/types\/page"}],"author":[{"embeddable":true,"href":"https:\/\/1mast.com\/es\/wp-json\/wp\/v2\/users\/1"}],"replies":[{"embeddable":true,"href":"https:\/\/1mast.com\/es\/wp-json\/wp\/v2\/comments?post=25693"}],"version-history":[{"count":1,"href":"https:\/\/1mast.com\/es\/wp-json\/wp\/v2\/pages\/25693\/revisions"}],"predecessor-version":[{"id":117101,"href":"https:\/\/1mast.com\/es\/wp-json\/wp\/v2\/pages\/25693\/revisions\/117101"}],"wp:attachment":[{"href":"https:\/\/1mast.com\/es\/wp-json\/wp\/v2\/media?parent=25693"}],"curies":[{"name":"wp","href":"https:\/\/api.w.org\/{rel}","templated":true}]}}