{"id":83447,"date":"2021-05-20T17:08:51","date_gmt":"2021-05-20T15:08:51","guid":{"rendered":"http:\/\/1mast.com\/?page_id=83447"},"modified":"2024-09-03T10:50:41","modified_gmt":"2024-09-03T08:50:41","slug":"nuestras-propiedades-en-malaga","status":"publish","type":"page","link":"https:\/\/1mast.com\/es\/nuestras-propiedades-en-malaga\/","title":{"rendered":"Nuestras propiedades en M\u00e1laga"},"content":{"rendered":"<p>[et_pb_section fb_built=\u00bb1&#8243; _builder_version=\u00bb4.16&#8243; global_colors_info=\u00bb{}\u00bb][et_pb_row _builder_version=\u00bb4.16&#8243; background_size=\u00bbinitial\u00bb background_position=\u00bbtop_left\u00bb background_repeat=\u00bbrepeat\u00bb global_colors_info=\u00bb{}\u00bb][et_pb_column type=\u00bb4_4&#8243; _builder_version=\u00bb4.16&#8243; custom_padding=\u00bb|||\u00bb global_colors_info=\u00bb{}\u00bb custom_padding__hover=\u00bb|||\u00bb][et_pb_text _builder_version=\u00bb4.16&#8243; vertical_offset_tablet=\u00bb0&#8243; horizontal_offset_tablet=\u00bb0&#8243; z_index_tablet=\u00bb0&#8243; text_text_shadow_horizontal_length_tablet=\u00bb0px\u00bb text_text_shadow_vertical_length_tablet=\u00bb0px\u00bb text_text_shadow_blur_strength_tablet=\u00bb1px\u00bb link_text_shadow_horizontal_length_tablet=\u00bb0px\u00bb link_text_shadow_vertical_length_tablet=\u00bb0px\u00bb link_text_shadow_blur_strength_tablet=\u00bb1px\u00bb ul_text_shadow_horizontal_length_tablet=\u00bb0px\u00bb ul_text_shadow_vertical_length_tablet=\u00bb0px\u00bb ul_text_shadow_blur_strength_tablet=\u00bb1px\u00bb ol_text_shadow_horizontal_length_tablet=\u00bb0px\u00bb ol_text_shadow_vertical_length_tablet=\u00bb0px\u00bb ol_text_shadow_blur_strength_tablet=\u00bb1px\u00bb quote_text_shadow_horizontal_length_tablet=\u00bb0px\u00bb quote_text_shadow_vertical_length_tablet=\u00bb0px\u00bb quote_text_shadow_blur_strength_tablet=\u00bb1px\u00bb header_text_shadow_horizontal_length_tablet=\u00bb0px\u00bb header_text_shadow_vertical_length_tablet=\u00bb0px\u00bb header_text_shadow_blur_strength_tablet=\u00bb1px\u00bb header_2_text_shadow_horizontal_length_tablet=\u00bb0px\u00bb header_2_text_shadow_vertical_length_tablet=\u00bb0px\u00bb header_2_text_shadow_blur_strength_tablet=\u00bb1px\u00bb header_3_text_shadow_horizontal_length_tablet=\u00bb0px\u00bb header_3_text_shadow_vertical_length_tablet=\u00bb0px\u00bb header_3_text_shadow_blur_strength_tablet=\u00bb1px\u00bb header_4_text_shadow_horizontal_length_tablet=\u00bb0px\u00bb header_4_text_shadow_vertical_length_tablet=\u00bb0px\u00bb header_4_text_shadow_blur_strength_tablet=\u00bb1px\u00bb header_5_text_shadow_horizontal_length_tablet=\u00bb0px\u00bb header_5_text_shadow_vertical_length_tablet=\u00bb0px\u00bb header_5_text_shadow_blur_strength_tablet=\u00bb1px\u00bb header_6_text_shadow_horizontal_length_tablet=\u00bb0px\u00bb header_6_text_shadow_vertical_length_tablet=\u00bb0px\u00bb header_6_text_shadow_blur_strength_tablet=\u00bb1px\u00bb box_shadow_horizontal_tablet=\u00bb0px\u00bb box_shadow_vertical_tablet=\u00bb0px\u00bb box_shadow_blur_tablet=\u00bb40px\u00bb box_shadow_spread_tablet=\u00bb0px\u00bb global_colors_info=\u00bb{}\u00bb]<\/p>\n<h1 style=\"text-align: center;\">Nuestras Propiedades en M\u00e1laga<\/h1>\n<p>[\/et_pb_text][\/et_pb_column][\/et_pb_row][et_pb_row column_structure=\u00bb1_4,1_4,1_4,1_4&#8243; _builder_version=\u00bb4.16&#8243; global_colors_info=\u00bb{}\u00bb][et_pb_column type=\u00bb1_4&#8243; _builder_version=\u00bb4.16&#8243; custom_padding=\u00bb|||\u00bb global_colors_info=\u00bb{}\u00bb custom_padding__hover=\u00bb|||\u00bb][et_pb_text _builder_version=\u00bb4.27.0&#8243; vertical_offset_tablet=\u00bb0&#8243; horizontal_offset_tablet=\u00bb0&#8243; hover_enabled=\u00bb0&#8243; z_index_tablet=\u00bb0&#8243; text_text_shadow_horizontal_length_tablet=\u00bb0px\u00bb text_text_shadow_vertical_length_tablet=\u00bb0px\u00bb text_text_shadow_blur_strength_tablet=\u00bb1px\u00bb link_text_shadow_horizontal_length_tablet=\u00bb0px\u00bb link_text_shadow_vertical_length_tablet=\u00bb0px\u00bb link_text_shadow_blur_strength_tablet=\u00bb1px\u00bb ul_text_shadow_horizontal_length_tablet=\u00bb0px\u00bb ul_text_shadow_vertical_length_tablet=\u00bb0px\u00bb ul_text_shadow_blur_strength_tablet=\u00bb1px\u00bb ol_text_shadow_horizontal_length_tablet=\u00bb0px\u00bb ol_text_shadow_vertical_length_tablet=\u00bb0px\u00bb ol_text_shadow_blur_strength_tablet=\u00bb1px\u00bb quote_text_shadow_horizontal_length_tablet=\u00bb0px\u00bb quote_text_shadow_vertical_length_tablet=\u00bb0px\u00bb quote_text_shadow_blur_strength_tablet=\u00bb1px\u00bb header_text_shadow_horizontal_length_tablet=\u00bb0px\u00bb header_text_shadow_vertical_length_tablet=\u00bb0px\u00bb header_text_shadow_blur_strength_tablet=\u00bb1px\u00bb header_2_text_shadow_horizontal_length_tablet=\u00bb0px\u00bb header_2_text_shadow_vertical_length_tablet=\u00bb0px\u00bb header_2_text_shadow_blur_strength_tablet=\u00bb1px\u00bb header_3_text_shadow_horizontal_length_tablet=\u00bb0px\u00bb header_3_text_shadow_vertical_length_tablet=\u00bb0px\u00bb header_3_text_shadow_blur_strength_tablet=\u00bb1px\u00bb header_4_text_shadow_horizontal_length_tablet=\u00bb0px\u00bb header_4_text_shadow_vertical_length_tablet=\u00bb0px\u00bb header_4_text_shadow_blur_strength_tablet=\u00bb1px\u00bb header_5_text_shadow_horizontal_length_tablet=\u00bb0px\u00bb header_5_text_shadow_vertical_length_tablet=\u00bb0px\u00bb header_5_text_shadow_blur_strength_tablet=\u00bb1px\u00bb header_6_text_shadow_horizontal_length_tablet=\u00bb0px\u00bb header_6_text_shadow_vertical_length_tablet=\u00bb0px\u00bb header_6_text_shadow_blur_strength_tablet=\u00bb1px\u00bb box_shadow_horizontal_tablet=\u00bb0px\u00bb box_shadow_vertical_tablet=\u00bb0px\u00bb box_shadow_blur_tablet=\u00bb40px\u00bb box_shadow_spread_tablet=\u00bb0px\u00bb global_colors_info=\u00bb{}\u00bb sticky_enabled=\u00bb0&#8243;]<\/p>\n<ul>\n<li><a title=\"Alhaur\u00edn de la Torre\" href=\"https:\/\/1mast.com\/es\/pisos-en-alhaurin-de-la-torre\/\">Alhaur\u00edn de la Torre<\/a><\/li>\n<li><a title=\"Alhaur\u00edn el Grande\" href=\"https:\/\/1mast.com\/es\/pisos-en-alhaurin-el-grande\/\">Alhaur\u00edn el Grande<\/a><\/li>\n<li><a title=\"Alhaurin Golf\" href=\"https:\/\/1mast.com\/es\/pisos-en-alhaurin-golf\/\">Alhaurin Golf<\/a><\/li>\n<li><a title=\"Arroyo de la Miel\" href=\"https:\/\/1mast.com\/es\/pisos-en-arroyo-de-la-miel-2\/\">Arroyo de la Miel<\/a><\/li>\n<li><a title=\"Artola\" href=\"https:\/\/1mast.com\/es\/pisos-en-artola\/\">Artola<\/a><\/li>\n<li><a title=\"Atalaya\" href=\"https:\/\/1mast.com\/es\/pisos-en-atalaya\/\">Atalaya<\/a><\/li>\n<li><a title=\"Benahav\u00eds\" href=\"https:\/\/1mast.com\/es\/pisos-en-benahavis\/\">Benahav\u00eds<\/a><\/li>\n<li><a title=\"Benalmadena\" href=\"https:\/\/1mast.com\/es\/pisos-en-benalmadena\/\">Benalmadena<\/a><\/li>\n<li><a title=\"Benalmadena Costa\" href=\"https:\/\/1mast.com\/es\/pisos-en-benalmadena-costa\/\">Benalmadena Costa<\/a><\/li>\n<li><a title=\"Benalmadena Pueblo\" href=\"https:\/\/1mast.com\/es\/pisos-en-benalmadena-pueblo\/\">Benalmadena Pueblo<\/a><\/li>\n<li><a title=\"Cabopino\" href=\"https:\/\/1mast.com\/es\/pisos-en-cabopino\/\">Cabopino<\/a><\/li>\n<li><a title=\"Calahonda\" href=\"https:\/\/1mast.com\/es\/pisos-en-calahonda\/\">Calahonda<\/a><\/li>\n<li><a title=\"Cancelada\" href=\"https:\/\/1mast.com\/es\/pisos-en-cancelada\/\">Cancelada<\/a><\/li>\n<li>Carretera de Cadiz<\/li>\n<li><a title=\"Casares\" href=\"https:\/\/1mast.com\/es\/pisos-en-casares\/\">Casares<\/a><\/li>\n<li><a title=\"Casares Pueblo\" href=\"https:\/\/1mast.com\/es\/pisos-en-casares-pueblo\/\">Casares Pueblo<\/a><\/li>\n<li><a title=\"Co\u00edn\" href=\"https:\/\/1mast.com\/es\/pisos-en-coin\/\">Co\u00edn<\/a><\/li>\n<\/ul>\n<p>[\/et_pb_text][\/et_pb_column][et_pb_column type=\u00bb1_4&#8243; _builder_version=\u00bb4.16&#8243; custom_padding=\u00bb|||\u00bb global_colors_info=\u00bb{}\u00bb custom_padding__hover=\u00bb|||\u00bb][et_pb_text _builder_version=\u00bb4.26.0&#8243; vertical_offset_tablet=\u00bb0&#8243; horizontal_offset_tablet=\u00bb0&#8243; z_index_tablet=\u00bb0&#8243; text_text_shadow_horizontal_length_tablet=\u00bb0px\u00bb text_text_shadow_vertical_length_tablet=\u00bb0px\u00bb text_text_shadow_blur_strength_tablet=\u00bb1px\u00bb link_text_shadow_horizontal_length_tablet=\u00bb0px\u00bb link_text_shadow_vertical_length_tablet=\u00bb0px\u00bb link_text_shadow_blur_strength_tablet=\u00bb1px\u00bb ul_text_shadow_horizontal_length_tablet=\u00bb0px\u00bb ul_text_shadow_vertical_length_tablet=\u00bb0px\u00bb ul_text_shadow_blur_strength_tablet=\u00bb1px\u00bb ol_text_shadow_horizontal_length_tablet=\u00bb0px\u00bb ol_text_shadow_vertical_length_tablet=\u00bb0px\u00bb ol_text_shadow_blur_strength_tablet=\u00bb1px\u00bb quote_text_shadow_horizontal_length_tablet=\u00bb0px\u00bb quote_text_shadow_vertical_length_tablet=\u00bb0px\u00bb quote_text_shadow_blur_strength_tablet=\u00bb1px\u00bb header_text_shadow_horizontal_length_tablet=\u00bb0px\u00bb header_text_shadow_vertical_length_tablet=\u00bb0px\u00bb header_text_shadow_blur_strength_tablet=\u00bb1px\u00bb header_2_text_shadow_horizontal_length_tablet=\u00bb0px\u00bb header_2_text_shadow_vertical_length_tablet=\u00bb0px\u00bb header_2_text_shadow_blur_strength_tablet=\u00bb1px\u00bb header_3_text_shadow_horizontal_length_tablet=\u00bb0px\u00bb header_3_text_shadow_vertical_length_tablet=\u00bb0px\u00bb header_3_text_shadow_blur_strength_tablet=\u00bb1px\u00bb header_4_text_shadow_horizontal_length_tablet=\u00bb0px\u00bb header_4_text_shadow_vertical_length_tablet=\u00bb0px\u00bb header_4_text_shadow_blur_strength_tablet=\u00bb1px\u00bb header_5_text_shadow_horizontal_length_tablet=\u00bb0px\u00bb header_5_text_shadow_vertical_length_tablet=\u00bb0px\u00bb header_5_text_shadow_blur_strength_tablet=\u00bb1px\u00bb header_6_text_shadow_horizontal_length_tablet=\u00bb0px\u00bb header_6_text_shadow_vertical_length_tablet=\u00bb0px\u00bb header_6_text_shadow_blur_strength_tablet=\u00bb1px\u00bb box_shadow_horizontal_tablet=\u00bb0px\u00bb box_shadow_vertical_tablet=\u00bb0px\u00bb box_shadow_blur_tablet=\u00bb40px\u00bb box_shadow_spread_tablet=\u00bb0px\u00bb global_colors_info=\u00bb{}\u00bb]<\/p>\n<ul>\n<li><a title=\"Costalita\" href=\"https:\/\/1mast.com\/es\/pisos-en-costalita\/\">Costalita<\/a><\/li>\n<li><a title=\"El Chaparral\" href=\"https:\/\/1mast.com\/es\/pisos-en-el-chaparral\/\">El Chaparral<\/a><\/li>\n<li><a title=\"El Pinillo\" href=\"https:\/\/1mast.com\/es\/pisos-en-el-pinillo\/\">El Pinillo<\/a><\/li>\n<li><a title=\"El Rosario\" href=\"https:\/\/1mast.com\/es\/pisos-en-el-rosario\/\">El Rosario<\/a><\/li>\n<li><a title=\"Elviria\" href=\"https:\/\/1mast.com\/es\/pisos-en-elviria\/\">Elviria<\/a><\/li>\n<li>Estacion de Cartama<\/li>\n<li><a title=\"Estepona\" href=\"https:\/\/1mast.com\/es\/pisos-en-estepona\/\">Estepona<\/a><\/li>\n<li><a title=\"Fuengirola\" href=\"https:\/\/1mast.com\/es\/pisos-en-fuengirola\/\">Fuengirola<\/a><\/li>\n<li>Guadalmar<\/li>\n<li><a title=\"Guadalmina Alta\" href=\"https:\/\/1mast.com\/es\/pisos-en-guadalmina-alta\/\">Guadalmina Alta<\/a><\/li>\n<li><a title=\"Guadalmina Baja\" href=\"https:\/\/1mast.com\/es\/pisos-en-guadalmina-baja\/\">Guadalmina Baja<\/a><\/li>\n<li>Hacienda del Sol<\/li>\n<li><a title=\"Hacienda Las Chapas\" href=\"https:\/\/1mast.com\/es\/pisos-en-hacienda-las-chapas\/\">Hacienda Las Chapas<\/a><\/li>\n<li><a title=\"La Cala\" href=\"https:\/\/1mast.com\/es\/pisos-en-la-cala\/\">La Cala<\/a><\/li>\n<li><a title=\"La Cala de Mijas\" href=\"https:\/\/1mast.com\/es\/pisos-en-la-cala-de-mijas\/\">La Cala de Mijas<\/a><\/li>\n<li><a title=\"La Cala Golf\" href=\"https:\/\/1mast.com\/es\/pisos-en-la-cala-golf\/\">La Cala Golf<\/a><\/li>\n<li><a title=\"La Cala Hills\" href=\"https:\/\/1mast.com\/es\/pisos-en-la-cala-hills\/\">La Cala Hills<\/a><\/li>\n<li><a title=\"La Campana\" href=\"https:\/\/1mast.com\/es\/pisos-en-la-campana\/\">La Campana<\/a><\/li>\n<li><a title=\"La Capellania\" href=\"https:\/\/1mast.com\/es\/pisos-en-la-capellania\/\">La Capellania<\/a><\/li>\n<li><a title=\"La Carihuela\" href=\"https:\/\/1mast.com\/es\/pisos-en-la-carihuela\/\">La Carihuela<\/a><\/li>\n<li><a title=\"La Colina\" href=\"https:\/\/1mast.com\/es\/pisos-en-la-colina\/\">La Colina<\/a><\/li>\n<li><a title=\"La Duquesa\" href=\"https:\/\/1mast.com\/es\/pisos-en-la-duquesa\/\">La Duquesa<\/a><\/li>\n<li><a title=\"La Heredia\" href=\"https:\/\/1mast.com\/es\/pisos-en-la-heredia\/\">La Heredia<\/a><\/li>\n<li><a title=\"La Mairena\" href=\"https:\/\/1mast.com\/es\/pisos-en-la-mairena\/\">La Mairena<\/a><\/li>\n<\/ul>\n<p>[\/et_pb_text][\/et_pb_column][et_pb_column type=\u00bb1_4&#8243; _builder_version=\u00bb4.16&#8243; custom_padding=\u00bb|||\u00bb global_colors_info=\u00bb{}\u00bb custom_padding__hover=\u00bb|||\u00bb][et_pb_text _builder_version=\u00bb4.26.0&#8243; vertical_offset_tablet=\u00bb0&#8243; horizontal_offset_tablet=\u00bb0&#8243; z_index_tablet=\u00bb0&#8243; text_text_shadow_horizontal_length_tablet=\u00bb0px\u00bb text_text_shadow_vertical_length_tablet=\u00bb0px\u00bb text_text_shadow_blur_strength_tablet=\u00bb1px\u00bb link_text_shadow_horizontal_length_tablet=\u00bb0px\u00bb link_text_shadow_vertical_length_tablet=\u00bb0px\u00bb link_text_shadow_blur_strength_tablet=\u00bb1px\u00bb ul_text_shadow_horizontal_length_tablet=\u00bb0px\u00bb ul_text_shadow_vertical_length_tablet=\u00bb0px\u00bb ul_text_shadow_blur_strength_tablet=\u00bb1px\u00bb ol_text_shadow_horizontal_length_tablet=\u00bb0px\u00bb ol_text_shadow_vertical_length_tablet=\u00bb0px\u00bb ol_text_shadow_blur_strength_tablet=\u00bb1px\u00bb quote_text_shadow_horizontal_length_tablet=\u00bb0px\u00bb quote_text_shadow_vertical_length_tablet=\u00bb0px\u00bb quote_text_shadow_blur_strength_tablet=\u00bb1px\u00bb header_text_shadow_horizontal_length_tablet=\u00bb0px\u00bb header_text_shadow_vertical_length_tablet=\u00bb0px\u00bb header_text_shadow_blur_strength_tablet=\u00bb1px\u00bb header_2_text_shadow_horizontal_length_tablet=\u00bb0px\u00bb header_2_text_shadow_vertical_length_tablet=\u00bb0px\u00bb header_2_text_shadow_blur_strength_tablet=\u00bb1px\u00bb header_3_text_shadow_horizontal_length_tablet=\u00bb0px\u00bb header_3_text_shadow_vertical_length_tablet=\u00bb0px\u00bb header_3_text_shadow_blur_strength_tablet=\u00bb1px\u00bb header_4_text_shadow_horizontal_length_tablet=\u00bb0px\u00bb header_4_text_shadow_vertical_length_tablet=\u00bb0px\u00bb header_4_text_shadow_blur_strength_tablet=\u00bb1px\u00bb header_5_text_shadow_horizontal_length_tablet=\u00bb0px\u00bb header_5_text_shadow_vertical_length_tablet=\u00bb0px\u00bb header_5_text_shadow_blur_strength_tablet=\u00bb1px\u00bb header_6_text_shadow_horizontal_length_tablet=\u00bb0px\u00bb header_6_text_shadow_vertical_length_tablet=\u00bb0px\u00bb header_6_text_shadow_blur_strength_tablet=\u00bb1px\u00bb box_shadow_horizontal_tablet=\u00bb0px\u00bb box_shadow_vertical_tablet=\u00bb0px\u00bb box_shadow_blur_tablet=\u00bb40px\u00bb box_shadow_spread_tablet=\u00bb0px\u00bb global_colors_info=\u00bb{}\u00bb]<\/p>\n<ul>\n<li><a title=\"Las Lagunas\" href=\"https:\/\/1mast.com\/es\/pisos-en-las-lagunas\/\">Las Lagunas<\/a><\/li>\n<li><a title=\"Los Alamos\" href=\"https:\/\/1mast.com\/es\/pisos-en-los-alamos\/\">Los Alamos<\/a><\/li>\n<li><a title=\"Los Boliches\" href=\"https:\/\/1mast.com\/es\/pisos-en-los-boliches\/\">Los Boliches<\/a><\/li>\n<li><a title=\"Los Flamingos\" href=\"https:\/\/1mast.com\/es\/pisos-en-los-flamingos\/\">Los Flamingos<\/a><\/li>\n<li><a title=\"Los Monteros\" href=\"https:\/\/1mast.com\/es\/pisos-en-los-monteros\/\">Los Monteros<\/a><\/li>\n<li><a title=\"Los Pacos\" href=\"https:\/\/1mast.com\/es\/pisos-en-los-pacos\/\">Los Pacos<\/a><\/li>\n<li><a title=\"M\u00e1laga\" href=\"https:\/\/1mast.com\/es\/pisos-en-malaga\/\">M\u00e1laga<\/a><\/li>\n<li><a title=\"M\u00e1laga Centro\" href=\"https:\/\/1mast.com\/es\/pisos-en-malaga-centro\/\">M\u00e1laga Centro<\/a><\/li>\n<li><a title=\"M\u00e1laga Este\" href=\"https:\/\/1mast.com\/es\/pisos-en-malaga-este\/\">M\u00e1laga Este<\/a><\/li>\n<li>Manantiales &#8211; estacion de autobuses<\/li>\n<li><a title=\"Manilva\" href=\"https:\/\/1mast.com\/es\/pisos-en-manilva\/\">Manilva<\/a><\/li>\n<li><a title=\"Marbella\" href=\"https:\/\/1mast.com\/es\/pisos-en-marbella\/\">Marbella<\/a><\/li>\n<li><a title=\"Marbesa\" href=\"https:\/\/1mast.com\/es\/pisos-en-marbesa\/\">Marbesa<\/a><\/li>\n<li>Mijas<\/li>\n<li><a title=\"Mijas\" href=\"https:\/\/1mast.com\/es\/pisos-en-mijas\/\">Mijas<\/a><\/li>\n<li><a title=\"Mijas Costa\" href=\"https:\/\/1mast.com\/es\/pisos-en-mijas-costa\/\">Mijas Costa<\/a><\/li>\n<li><a href=\"https:\/\/1mast.com\/es\/pisos-en-mijas-golf\/\">Mijas Golf<\/a><\/li>\n<li><a title=\"Miraflores\" href=\"https:\/\/1mast.com\/es\/pisos-en-miraflores\/\">Miraflores<\/a><\/li>\n<li>Nag\u00fceles<\/li>\n<li>New Golden Mile<\/li>\n<li><a title=\"Oj\u00e9n\" href=\"https:\/\/1mast.com\/es\/pisos-en-ojen\/\">Oj\u00e9n<\/a><\/li>\n<li>Paseo maritimo<\/li>\n<li><a title=\"Playamar\" href=\"https:\/\/1mast.com\/es\/pisos-en-playamar\/\">Playamar<\/a><\/li>\n<li><a title=\"Puerto Ban\u00fas\" href=\"https:\/\/1mast.com\/es\/pisos-en-puerto-banus\/\">Puerto Ban\u00fas<\/a><\/li>\n<\/ul>\n<p>[\/et_pb_text][\/et_pb_column][et_pb_column type=\u00bb1_4&#8243; _builder_version=\u00bb4.16&#8243; custom_padding=\u00bb|||\u00bb global_colors_info=\u00bb{}\u00bb custom_padding__hover=\u00bb|||\u00bb][et_pb_text _builder_version=\u00bb4.26.0&#8243; vertical_offset_tablet=\u00bb0&#8243; horizontal_offset_tablet=\u00bb0&#8243; z_index_tablet=\u00bb0&#8243; text_text_shadow_horizontal_length_tablet=\u00bb0px\u00bb text_text_shadow_vertical_length_tablet=\u00bb0px\u00bb text_text_shadow_blur_strength_tablet=\u00bb1px\u00bb link_text_shadow_horizontal_length_tablet=\u00bb0px\u00bb link_text_shadow_vertical_length_tablet=\u00bb0px\u00bb link_text_shadow_blur_strength_tablet=\u00bb1px\u00bb ul_text_shadow_horizontal_length_tablet=\u00bb0px\u00bb ul_text_shadow_vertical_length_tablet=\u00bb0px\u00bb ul_text_shadow_blur_strength_tablet=\u00bb1px\u00bb ol_text_shadow_horizontal_length_tablet=\u00bb0px\u00bb ol_text_shadow_vertical_length_tablet=\u00bb0px\u00bb ol_text_shadow_blur_strength_tablet=\u00bb1px\u00bb quote_text_shadow_horizontal_length_tablet=\u00bb0px\u00bb quote_text_shadow_vertical_length_tablet=\u00bb0px\u00bb quote_text_shadow_blur_strength_tablet=\u00bb1px\u00bb header_text_shadow_horizontal_length_tablet=\u00bb0px\u00bb header_text_shadow_vertical_length_tablet=\u00bb0px\u00bb header_text_shadow_blur_strength_tablet=\u00bb1px\u00bb header_2_text_shadow_horizontal_length_tablet=\u00bb0px\u00bb header_2_text_shadow_vertical_length_tablet=\u00bb0px\u00bb header_2_text_shadow_blur_strength_tablet=\u00bb1px\u00bb header_3_text_shadow_horizontal_length_tablet=\u00bb0px\u00bb header_3_text_shadow_vertical_length_tablet=\u00bb0px\u00bb header_3_text_shadow_blur_strength_tablet=\u00bb1px\u00bb header_4_text_shadow_horizontal_length_tablet=\u00bb0px\u00bb header_4_text_shadow_vertical_length_tablet=\u00bb0px\u00bb header_4_text_shadow_blur_strength_tablet=\u00bb1px\u00bb header_5_text_shadow_horizontal_length_tablet=\u00bb0px\u00bb header_5_text_shadow_vertical_length_tablet=\u00bb0px\u00bb header_5_text_shadow_blur_strength_tablet=\u00bb1px\u00bb header_6_text_shadow_horizontal_length_tablet=\u00bb0px\u00bb header_6_text_shadow_vertical_length_tablet=\u00bb0px\u00bb header_6_text_shadow_blur_strength_tablet=\u00bb1px\u00bb box_shadow_horizontal_tablet=\u00bb0px\u00bb box_shadow_vertical_tablet=\u00bb0px\u00bb box_shadow_blur_tablet=\u00bb40px\u00bb box_shadow_spread_tablet=\u00bb0px\u00bb global_colors_info=\u00bb{}\u00bb]<\/p>\n<ul>\n<li><a title=\"Puerto de la Torre\" href=\"https:\/\/1mast.com\/es\/pisos-en-puerto-de-la-torre\/\">Puerto de la Torre<\/a><\/li>\n<li>Rinc\u00f3n de la Victoria<\/li>\n<li><a title=\"Riviera del Sol\" href=\"https:\/\/1mast.com\/es\/pisos-en-riviera-del-sol\/\">Riviera del Sol<\/a><\/li>\n<li><a title=\"San Pedro de Alc\u00e1ntara\" href=\"https:\/\/1mast.com\/es\/pisos-en-san-pedro-de-alcantara\/\">San Pedro de Alc\u00e1ntara<\/a><\/li>\n<li>Teatinos<\/li>\n<li><a title=\"Torreblanca\" href=\"https:\/\/1mast.com\/es\/pisos-en-torreblanca\/\">Torreblanca<\/a><\/li>\n<li><a title=\"Torremolinos\" href=\"https:\/\/1mast.com\/es\/pisos-en-torremolinos\/\">Torremolinos<\/a><\/li>\n<li><a title=\"Torremolinos Centro\" href=\"https:\/\/1mast.com\/es\/pisos-en-torremolinos-centro\/\">Torremolinos Centro<\/a><\/li>\n<li><a title=\"Torrenueva\" href=\"https:\/\/1mast.com\/es\/pisos-en-torrenueva\/\">Torrenueva<\/a><\/li>\n<li>Torrequebrada<\/li>\n<li>Torrox<\/li>\n<li>Torrox Costa<\/li>\n<li>Valle del Sol<\/li>\n<li>Zona Centro<\/li>\n<\/ul>\n<p>[\/et_pb_text][\/et_pb_column][\/et_pb_row][et_pb_row column_structure=\u00bb1_2,1_2&#8243; _builder_version=\u00bb4.16&#8243; background_size=\u00bbinitial\u00bb background_position=\u00bbtop_left\u00bb background_repeat=\u00bbrepeat\u00bb global_colors_info=\u00bb{}\u00bb][et_pb_column type=\u00bb1_2&#8243; _builder_version=\u00bb4.16&#8243; custom_padding=\u00bb|||\u00bb global_colors_info=\u00bb{}\u00bb custom_padding__hover=\u00bb|||\u00bb][\/et_pb_column][et_pb_column type=\u00bb1_2&#8243; _builder_version=\u00bb4.16&#8243; custom_padding=\u00bb|||\u00bb global_colors_info=\u00bb{}\u00bb custom_padding__hover=\u00bb|||\u00bb][\/et_pb_column][\/et_pb_row][\/et_pb_section]<\/p>\n","protected":false},"excerpt":{"rendered":"<p>Nuestras Propiedades en M\u00e1laga Alhaur\u00edn de la Torre Alhaur\u00edn el Grande Alhaurin Golf Arroyo de la Miel Artola Atalaya Benahav\u00eds Benalmadena Benalmadena Costa Benalmadena Pueblo Cabopino Calahonda Cancelada Carretera de Cadiz Casares Casares Pueblo Co\u00edn Costalita El Chaparral El Pinillo El Rosario Elviria Estacion de Cartama Estepona Fuengirola Guadalmar Guadalmina Alta Guadalmina Baja Hacienda del [&hellip;]<\/p>\n","protected":false},"author":4,"featured_media":0,"parent":0,"menu_order":0,"comment_status":"closed","ping_status":"closed","template":"","meta":{"_et_pb_use_builder":"on","_et_pb_old_content":"","_et_gb_content_width":"","footnotes":""},"class_list":["post-83447","page","type-page","status-publish","hentry"],"_links":{"self":[{"href":"https:\/\/1mast.com\/es\/wp-json\/wp\/v2\/pages\/83447","targetHints":{"allow":["GET"]}}],"collection":[{"href":"https:\/\/1mast.com\/es\/wp-json\/wp\/v2\/pages"}],"about":[{"href":"https:\/\/1mast.com\/es\/wp-json\/wp\/v2\/types\/page"}],"author":[{"embeddable":true,"href":"https:\/\/1mast.com\/es\/wp-json\/wp\/v2\/users\/4"}],"replies":[{"embeddable":true,"href":"https:\/\/1mast.com\/es\/wp-json\/wp\/v2\/comments?post=83447"}],"version-history":[{"count":5,"href":"https:\/\/1mast.com\/es\/wp-json\/wp\/v2\/pages\/83447\/revisions"}],"predecessor-version":[{"id":159659,"href":"https:\/\/1mast.com\/es\/wp-json\/wp\/v2\/pages\/83447\/revisions\/159659"}],"wp:attachment":[{"href":"https:\/\/1mast.com\/es\/wp-json\/wp\/v2\/media?parent=83447"}],"curies":[{"name":"wp","href":"https:\/\/api.w.org\/{rel}","templated":true}]}}